{"id":14480,"date":"2025-07-03T20:00:44","date_gmt":"2025-07-03T18:00:44","guid":{"rendered":"https:\/\/gkmke.sk\/ms\/?page_id=14480"},"modified":"2025-07-03T20:31:18","modified_gmt":"2025-07-03T18:31:18","slug":"rezervacia","status":"publish","type":"page","link":"https:\/\/gkmke.sk\/ms\/rezervacia\/","title":{"rendered":"Rezerv\u00e1cia"},"content":{"rendered":"\t\t<div data-elementor-type=\"wp-page\" data-elementor-id=\"14480\" class=\"elementor elementor-14480\">\n\t\t\t\t<div class=\"elementor-element elementor-element-121ffc3 e-flex e-con-boxed e-con e-parent\" data-id=\"121ffc3\" data-element_type=\"container\" data-e-type=\"container\">\n\t\t\t\t\t<div class=\"e-con-inner\">\n\t\t<div class=\"elementor-element elementor-element-db2a7ed e-con-full e-flex e-con e-child\" data-id=\"db2a7ed\" data-element_type=\"container\" data-e-type=\"container\">\n\t\t\t\t<div class=\"elementor-element elementor-element-81080ff elementor-widget elementor-widget-heading\" data-id=\"81080ff\" data-element_type=\"widget\" data-e-type=\"widget\" data-widget_type=\"heading.default\">\n\t\t\t\t<div class=\"elementor-widget-container\">\n\t\t\t\t\t<h2 class=\"elementor-heading-title elementor-size-default\">Z\u00e1stupky\u0148a - rezerv\u00e1cia term\u00ednu stretnutia<\/h2>\t\t\t\t<\/div>\n\t\t\t\t<\/div>\n\t\t\t\t<div class=\"elementor-element elementor-element-f7e5635 elementor-widget elementor-widget-text-editor\" data-id=\"f7e5635\" data-element_type=\"widget\" data-e-type=\"widget\" data-widget_type=\"text-editor.default\">\n\t\t\t\t<div class=\"elementor-widget-container\">\n\t\t\t\t\t\t\t\t\t<p>V pr\u00edpade z\u00e1ujmu o stretnutie so z\u00e1stupky\u0148ou si pros\u00edm rezervujte term\u00edn stretnutia prostredn\u00edctvom rezerva\u010dn\u00e9ho formul\u00e1ra.<\/p>\t\t\t\t\t\t\t\t<\/div>\n\t\t\t\t<\/div>\n\t\t\t\t<\/div>\n\t\t<div class=\"elementor-element elementor-element-6777542 e-con-full e-flex e-con e-child\" data-id=\"6777542\" data-element_type=\"container\" data-e-type=\"container\">\n\t\t\t\t<div class=\"elementor-element elementor-element-0c54233 elementor-widget elementor-widget-image\" data-id=\"0c54233\" data-element_type=\"widget\" data-e-type=\"widget\" data-widget_type=\"image.default\">\n\t\t\t\t<div class=\"elementor-widget-container\">\n\t\t\t\t\t\t\t\t\t\t\t\t\t\t\t<img fetchpriority=\"high\" decoding=\"async\" width=\"600\" height=\"400\" src=\"https:\/\/gkmke.sk\/ms\/wp-content\/uploads\/sites\/2\/2025\/07\/amission-box-1.jpg\" class=\"attachment-large size-large wp-image-14452\" alt=\"\" srcset=\"https:\/\/gkmke.sk\/ms\/wp-content\/uploads\/sites\/2\/2025\/07\/amission-box-1.jpg 600w, https:\/\/gkmke.sk\/ms\/wp-content\/uploads\/sites\/2\/2025\/07\/amission-box-1-300x200.jpg 300w\" sizes=\"(max-width: 600px) 100vw, 600px\" \/>\t\t\t\t\t\t\t\t\t\t\t\t\t\t\t<\/div>\n\t\t\t\t<\/div>\n\t\t\t\t<\/div>\n\t\t<div class=\"elementor-element elementor-element-db1ee46 e-con-full e-flex e-con e-child\" data-id=\"db1ee46\" data-element_type=\"container\" data-e-type=\"container\">\n\t\t\t\t<div class=\"elementor-element elementor-element-7ead7e6 elementor-widget elementor-widget-shortcode\" data-id=\"7ead7e6\" data-element_type=\"widget\" data-e-type=\"widget\" data-widget_type=\"shortcode.default\">\n\t\t\t\t<div class=\"elementor-widget-container\">\n\t\t\t\t\t\t\t<div class=\"elementor-shortcode\"> <iframe src=\"https:\/\/gkmke.sk\/ms\/wp-json\/ssa\/v1\/embed-inner?integration&type=stretnutie&label&types=1&edit&view&payment_provider&ssa_locale=sk_SK&ssa_is_rtl&sid=914ba7139f6b90fbe182794689d1f2afdedbb646&availability_start_date&availability_end_date&suggest_first_available&suggest_first_available_within_minutes&flow&fallback_flow&time_view&date_view&appointment_types_view&version&accent_color&background&padding&font&booking_url=https%3A%2F%2Fgkmke.sk%2Fms%2Frezervacia%2F&booking_post_id=14480&booking_title=Rezerv%C3%A1cia&_wpnonce=4d8a59d66e&redirect_post_id&defer&hide_header&mepr_membership_id#\/\" height=\"400px\" width=\"100%\" name=\"ssa_booking\" loading=\"eager\" frameborder=\"0\" data-skip-lazy=\"1\" class=\"ssa_booking_iframe skip-lazy\" title=\"Book a time\"><\/iframe> <\/div>\n\t\t\t\t\t\t<\/div>\n\t\t\t\t<\/div>\n\t\t\t\t<\/div>\n\t\t\t\t\t<\/div>\n\t\t\t\t<\/div>\n\t\t\t\t<\/div>\n\t\t","protected":false},"excerpt":{"rendered":"<p>Z\u00e1stupky\u0148a &#8211; rezerv\u00e1cia term\u00ednu stretnutia V pr\u00edpade z\u00e1ujmu o stretnutie so z\u00e1stupky\u0148ou si pros\u00edm rezervujte term\u00edn stretnutia prostredn\u00edctvom rezerva\u010dn\u00e9ho formul\u00e1ra.<\/p>\n","protected":false},"author":2,"featured_media":0,"parent":0,"menu_order":0,"comment_status":"closed","ping_status":"closed","template":"","meta":{"_acf_changed":false,"footnotes":""},"class_list":["post-14480","page","type-page","status-publish","hentry"],"acf":[],"_links":{"self":[{"href":"https:\/\/gkmke.sk\/ms\/wp-json\/wp\/v2\/pages\/14480","targetHints":{"allow":["GET"]}}],"collection":[{"href":"https:\/\/gkmke.sk\/ms\/wp-json\/wp\/v2\/pages"}],"about":[{"href":"https:\/\/gkmke.sk\/ms\/wp-json\/wp\/v2\/types\/page"}],"author":[{"embeddable":true,"href":"https:\/\/gkmke.sk\/ms\/wp-json\/wp\/v2\/users\/2"}],"replies":[{"embeddable":true,"href":"https:\/\/gkmke.sk\/ms\/wp-json\/wp\/v2\/comments?post=14480"}],"version-history":[{"count":1,"href":"https:\/\/gkmke.sk\/ms\/wp-json\/wp\/v2\/pages\/14480\/revisions"}],"predecessor-version":[{"id":14526,"href":"https:\/\/gkmke.sk\/ms\/wp-json\/wp\/v2\/pages\/14480\/revisions\/14526"}],"wp:attachment":[{"href":"https:\/\/gkmke.sk\/ms\/wp-json\/wp\/v2\/media?parent=14480"}],"curies":[{"name":"wp","href":"https:\/\/api.w.org\/{rel}","templated":true}]}}