{"id":174,"date":"2018-08-23T15:23:08","date_gmt":"2018-08-23T13:23:08","guid":{"rendered":"https:\/\/gkmke.sk\/mstemp\/?page_id=174"},"modified":"2025-10-08T18:08:41","modified_gmt":"2025-10-08T16:08:41","slug":"rozdelenie-deti-do-tried-2025-2026","status":"publish","type":"page","link":"https:\/\/gkmke.sk\/ms\/studenti\/rozdelenie-deti-do-tried-2025-2026\/","title":{"rendered":"Rozdelenie tried 2025\/2026"},"content":{"rendered":"<p><strong>Trieda LIENKY:<\/strong><\/p>\n<p>U\u010dite\u013eky: Mgr. Veronika \u017dof\u010dinov\u00e1 &#8211; triedna u\u010dite\u013eka<\/p>\n<p>Bc. M\u00e1ria Gerge\u013eov\u00e1<\/p>\n<p>Marta Woloszynov\u00e1 &#8211; pomocn\u00fd vychov\u00e1vate\u013e<\/p>\n<p><strong>Trieda V\u010cIELKY:<\/strong><\/p>\n<p>U\u010dite\u013eky: Mgr. Gabriela G\u00e1lov\u00e1 &#8211; triedna u\u010dite\u013eka<\/p>\n<p>Mgr. Be\u00e1ta Tak\u00e1\u010dov\u00e1<\/p>\n<p>Mgr. Bibi\u00e1na Strakov\u00e1 &#8211; asistentka<\/p>\n<p><strong>Trieda MOT\u00ddLIKY:<\/strong><\/p>\n<p>U\u010dite\u013eky: Monika Ni\u010dov\u00e1 &#8211; triedna u\u010dite\u013eka<\/p>\n<p>PhDr. Miroslava Tak\u00e1\u010dov\u00e1 &#8211; z\u00e1stupky\u0148a R\u0160<\/p>\n<p><strong>Trieda \u017dABKY:<\/strong><\/p>\n<p>U\u010dite\u013eky: Mgr. Veronika Urdov\u00e1 &#8211; triedna u\u010dite\u013eka<\/p>\n<p>Bc. Eva Olexov\u00e1<\/p>\n","protected":false},"excerpt":{"rendered":"<p>Trieda LIENKY: U\u010dite\u013eky: Mgr. Veronika \u017dof\u010dinov\u00e1 &#8211; triedna u\u010dite\u013eka Bc. M\u00e1ria Gerge\u013eov\u00e1 Marta Woloszynov\u00e1 &#8211; pomocn\u00fd vychov\u00e1vate\u013e Trieda V\u010cIELKY: U\u010dite\u013eky: Mgr. Gabriela G\u00e1lov\u00e1 &#8211; triedna u\u010dite\u013eka Mgr. Be\u00e1ta Tak\u00e1\u010dov\u00e1 Mgr. Bibi\u00e1na Strakov\u00e1 &#8211; asistentka Trieda MOT\u00ddLIKY: U\u010dite\u013eky: Monika Ni\u010dov\u00e1 &#8211; &hellip; <\/p>\n","protected":false},"author":1,"featured_media":0,"parent":13696,"menu_order":0,"comment_status":"closed","ping_status":"closed","template":"","meta":{"_acf_changed":false,"footnotes":""},"class_list":["post-174","page","type-page","status-publish","hentry"],"acf":[],"_links":{"self":[{"href":"https:\/\/gkmke.sk\/ms\/wp-json\/wp\/v2\/pages\/174","targetHints":{"allow":["GET"]}}],"collection":[{"href":"https:\/\/gkmke.sk\/ms\/wp-json\/wp\/v2\/pages"}],"about":[{"href":"https:\/\/gkmke.sk\/ms\/wp-json\/wp\/v2\/types\/page"}],"author":[{"embeddable":true,"href":"https:\/\/gkmke.sk\/ms\/wp-json\/wp\/v2\/users\/1"}],"replies":[{"embeddable":true,"href":"https:\/\/gkmke.sk\/ms\/wp-json\/wp\/v2\/comments?post=174"}],"version-history":[{"count":1,"href":"https:\/\/gkmke.sk\/ms\/wp-json\/wp\/v2\/pages\/174\/revisions"}],"predecessor-version":[{"id":14665,"href":"https:\/\/gkmke.sk\/ms\/wp-json\/wp\/v2\/pages\/174\/revisions\/14665"}],"up":[{"embeddable":true,"href":"https:\/\/gkmke.sk\/ms\/wp-json\/wp\/v2\/pages\/13696"}],"wp:attachment":[{"href":"https:\/\/gkmke.sk\/ms\/wp-json\/wp\/v2\/media?parent=174"}],"curies":[{"name":"wp","href":"https:\/\/api.w.org\/{rel}","templated":true}]}}