{"id":1234,"date":"2019-01-07T21:27:09","date_gmt":"2019-01-07T20:27:09","guid":{"rendered":"https:\/\/gkmke.sk\/zstemp\/?page_id=1234"},"modified":"2026-03-13T23:25:19","modified_gmt":"2026-03-13T22:25:19","slug":"cordacik","status":"publish","type":"page","link":"https:\/\/gkmke.sk\/zs\/cordacik\/","title":{"rendered":"\u010cord\u00e1\u010dik"},"content":{"rendered":"\t\t<div data-elementor-type=\"wp-page\" data-elementor-id=\"1234\" class=\"elementor elementor-1234\">\n\t\t\t\t<div class=\"elementor-element elementor-element-12da4abd e-flex e-con-boxed e-con e-parent\" data-id=\"12da4abd\" data-element_type=\"container\" data-e-type=\"container\">\n\t\t\t\t\t<div class=\"e-con-inner\">\n\t\t\t\t<div class=\"elementor-element elementor-element-222c6976 elementor-widget elementor-widget-text-editor\" data-id=\"222c6976\" data-element_type=\"widget\" data-e-type=\"widget\" data-widget_type=\"text-editor.default\">\n\t\t\t\t<div class=\"elementor-widget-container\">\n\t\t\t\t\t\t\t\t\t\n<p>\u010casopis \u010cORD\u00c1\u010cIK za\u010dal p\u00edsa\u0165 svoju hist\u00f3riu v \u0161kolskom roku 2006\/2007.\u00a0 Postupne, ako sa\u00a0 menili \u017eiaci v redak\u010dnej rade, tak sa menil aj n\u00e1\u0161 \u010dasopis. A ke\u010f\u017ee sme chceli vedie\u0165, \u010di sa n\u00e1m dar\u00ed napredova\u0165, rozhodli sme sa uk\u00e1za\u0165 aj za br\u00e1nami na\u0161ej \u0161koly. V \u0161kolskom roku 2009\/2010 sme sa prv\u00fdkr\u00e1t z\u00fa\u010dastnili s\u00fa\u0165a\u017ee \u010dasopisov z\u00e1kladn\u00fdch \u0161k\u00f4l mesta Ko\u0161\u00edc. A odvtedy zbiera n\u00e1\u0161 \u010cORD\u00c1\u010cIK \u00faspechy (takmer) ka\u017ed\u00fd rok.\u00a0 Na\u0161imi prispievate\u013emi s\u00fa t\u00ed, ktor\u00ed svoje talenty od Boha &#8222;nezakop\u00e1vaj\u00fa do zeme&#8220;.\u00a0 K\u00fdm vznikne nov\u00fd \u010dasopis, uplynie ve\u013ea t\u00fd\u017ed\u0148ov.\u00a0 Nie je to pr\u00e1ca jednoduch\u00e1 a vy\u017eaduje si obety.\u00a0 A t\u00e1to mrav\u010dia pr\u00e1ca si zasl\u00fa\u017ei, aby bola ocenen\u00e1. Prin\u00e1\u0161a to povzbudenie a rados\u0165, \u017ee na\u0161e n\u00e1pady s\u00fa dobr\u00e9 a n\u00e1maha nebola zbyto\u010dn\u00e1.\u00a0 \ud83d\ude42<\/p>\n\n<figure class=\"wp-block-table\">\n<table class=\"has-fixed-layout\">\n<tbody>\n<tr>\n<td><strong>2009\/2010<\/strong> &#8211;\u00a0 <strong>2. miesto<\/strong> v s\u00fa\u0165a\u017ei O sklen\u00e9ho mot\u00fd\u013ea 2009 (Z\u0160 a OG mesta Ko\u0161ice)\n<p>\u00a0<\/p>\n<p><strong>2010\/2011<\/strong> &#8211;\u00a0 <strong>1. miesto<\/strong> v s\u00fa\u0165a\u017ei O sklen\u00e9ho mot\u00fd\u013ea 2010 (Z\u0160 a OG mesta Ko\u0161ice)<\/p>\n<p>&#8230; nasledovala dlh\u0161ia prest\u00e1vka &#8230;<\/p>\n<p><strong>2016\/2017<\/strong> &#8211;\u00a0 <strong>3. miesto<\/strong> v s\u00fa\u0165a\u017ei O sklenen\u00e9ho Centru\u0161ka\u00a0 2016 (Z\u0160 a OG mesta Ko\u0161ice)<\/p>\n<p><strong>2016\/2017<\/strong> &#8211;\u00a0 <strong>2. miesto<\/strong> v s\u00fa\u0165a\u017ei\u00a0 PEROHRYZ (\u0161koly Ko\u0161ick\u00e9ho a Pre\u0161ovsk\u00e9ho kraja)<\/p>\n<p><strong>2017\/2018<\/strong> &#8211;\u00a0 <strong>2. miesto<\/strong> v s\u00fa\u0165a\u017ei O sklenen\u00e9ho Centru\u0161ka 2017\u00a0 (Z\u0160 a OG mesta Ko\u0161ice)<\/p>\n<p><strong>2017\/2018<\/strong> &#8211;\u00a0 <strong>1. miesto<\/strong> v s\u00fa\u0165a\u017ei PEROHRYZ (\u0161koly Ko\u0161ick\u00e9ho a Pre\u0161ovsk\u00e9ho kraja)<\/p>\n<p><strong>2018\/2019<\/strong> &#8211;\u00a0 <strong>\u0160peci\u00e1lna cena &#8222;N\u00e1pad roka&#8220;<\/strong> v 4. ro\u010dn\u00edku s\u00fa\u0165a\u017ee Podtatransk\u00fd \u0161kol\u00e1k (\u0161koly Ko\u0161ick\u00e9ho a Pre\u0161ovsk\u00e9ho kraja)<\/p>\n<p><strong>2018\/2019<\/strong> &#8211;\u00a0 <strong>\u010cestn\u00e9 uznanie<\/strong> v celoslovenskej s\u00fa\u0165a\u017ei Pro Slavis 2018<\/p>\n<p><strong>2018\/2019<\/strong> &#8211;\u00a0 <strong>2. miesto <\/strong>v s\u00fa\u0165a\u017ei PEROHRYZ (\u0161koly Ko\u0161ick\u00e9ho a Pre\u0161ovsk\u00e9ho kraja)<\/p>\n<p><strong>2019\/2020<\/strong> &#8211; <strong>\u0160peci\u00e1lna cena &#8222;Titulka roka&#8220;<\/strong> v 5. ro\u010dn\u00edku s\u00fa\u0165a\u017ee Podtatransk\u00fd \u0161kol\u00e1k (\u0161koly Ko\u0161ick\u00e9ho a Pre\u0161ovsk\u00e9ho kraja)<\/p>\n<p><strong>2022\/2023<\/strong>\u00a0&#8211; <strong>1. miesto<\/strong> v 6. ro\u010dn\u00edku s\u00fa\u0165a\u017ee Podtatransk\u00fd \u0161kol\u00e1k (\u0161koly Ko\u0161ick\u00e9ho a Pre\u0161ovsk\u00e9ho kraja)<\/p>\n<p><strong>2022\/2023<\/strong> &#8211;\u00a0 <strong>1. miesto<\/strong> v s\u00fa\u0165a\u017ei O sklenen\u00e9ho mot\u00fd\u013ea 2022 (Z\u0160 a OG mesta Ko\u0161ice)<\/p>\n<p><strong>2023\/2024<\/strong>\u00a0&#8211; <strong>3. miesto<\/strong> v 7. ro\u010dn\u00edku s\u00fa\u0165a\u017ee Podtatransk\u00fd \u0161kol\u00e1k (\u0161koly Ko\u0161ick\u00e9ho a Pre\u0161ovsk\u00e9ho kraja)<\/p>\n<p><strong>2023\/2024<\/strong> &#8211;\u00a0 <strong>2. miesto<\/strong> v s\u00fa\u0165a\u017ei O sklenen\u00e9ho mot\u00fd\u013ea 2023 (Z\u0160 a OG mesta Ko\u0161ice)<\/p>\n<p><strong>2024\/2025<\/strong>\u00a0&#8211; <strong>3. miesto<\/strong> v 8. ro\u010dn\u00edku s\u00fa\u0165a\u017ee Podtatransk\u00fd \u0161kol\u00e1k (\u0161koly Ko\u0161ick\u00e9ho a Pre\u0161ovsk\u00e9ho kraja)<\/p>\n<p><strong>2024\/2025<\/strong> &#8211; <strong>\u0160peci\u00e1lna cena poroty <\/strong>v s\u00fa\u0165a\u017ei O sklen\u00e9ho mot\u00fd\u013ea 2024 (Z\u0160 a OG mesta Ko\u0161ice)<\/p>\n<p><strong>2025\/2026<\/strong>\u00a0&#8211; <strong>1. miesto<\/strong> v 9. ro\u010dn\u00edku s\u00fa\u0165a\u017ee Podtatransk\u00fd \u0161kol\u00e1k (\u0161koly Ko\u0161ick\u00e9ho a Pre\u0161ovsk\u00e9ho kraja)<\/p>\n<p><strong>2025\/2026<\/strong>\u00a0&#8211; <strong>2. miesto <\/strong>v s\u00fa\u0165a\u017ei O sklen\u00e9ho mot\u00fd\u013ea 2025 (Z\u0160 a OG mesta Ko\u0161ice)<\/p>\n<p>\u00a0<\/p>\n<\/td>\n<\/tr>\n<\/tbody>\n<\/table>\n<\/figure>\n\n<p>Od roku 2020 pon\u00fakame n\u00e1\u0161 \u010dasopis aj v online podobe.\u00a0 Na digitaliz\u00e1cii niektor\u00fdch arch\u00edvnych \u010d\u00edsel e\u0161te pracujeme. Ver\u00edme, \u017ee n\u00e1m na\u010falej zachov\u00e1te priaze\u0148 a budete roz\u0161irova\u0165 rady na\u0161ich vern\u00fdch \u010ditate\u013eov. Pr\u00edjemn\u00e9 \u010d\u00edtanie \ud83d\ude42<\/p>\n\n<p>\u00a0<\/p>\n\n<div class=\"wp-block-columns is-layout-flex wp-container-core-columns-is-layout-9d6595d7 wp-block-columns-is-layout-flex\">\n<div class=\"wp-block-column is-layout-flow wp-block-column-is-layout-flow\" style=\"flex-basis: 100%;\">\n<div class=\"wp-block-columns is-layout-flex wp-container-core-columns-is-layout-9d6595d7 wp-block-columns-is-layout-flex\">\n<div class=\"wp-block-column is-layout-flow wp-block-column-is-layout-flow\" style=\"flex-basis: 100%;\">\n<div class=\"wp-block-columns is-layout-flex wp-container-core-columns-is-layout-9d6595d7 wp-block-columns-is-layout-flex\">\n<div class=\"wp-block-column is-layout-flow wp-block-column-is-layout-flow\" style=\"flex-basis: 100%;\">\n<figure class=\"wp-block-table\">\n<table class=\"has-fixed-layout\">\n<tbody>\n<tr>\n<td>\n<figure><a href=\"https:\/\/anyflip.com\/fwpoc\/yhss\/\" target=\"_blank\" rel=\"noopener\"><img fetchpriority=\"high\" decoding=\"async\" class=\"size-full wp-image-8861 aligncenter\" src=\"https:\/\/gkmke.sk\/zs\/wp-content\/uploads\/sites\/3\/2025\/05\/obalka-2-23-25.jpg\" alt=\"\" width=\"455\" height=\"643\" \/><\/a><\/figure>\n<\/td>\n<td>\n<figure><a href=\"https:\/\/anyflip.com\/fwpoc\/icbh\/\" target=\"_blank\" rel=\"noopener\"><img decoding=\"async\" class=\"aligncenter wp-image-9431 size-full\" src=\"https:\/\/gkmke.sk\/zs\/wp-content\/uploads\/sites\/3\/2025\/05\/cordacik-1-2024-2025.jpg\" alt=\"\" width=\"455\" height=\"643\" \/><\/a><\/figure>\n<\/td>\n<td><a href=\"https:\/\/anyflip.com\/fwpoc\/yxnl\/\" target=\"_blank\" rel=\"noopener\"><img decoding=\"async\" class=\"alignnone size-full wp-image-18648\" src=\"https:\/\/gkmke.sk\/zs\/wp-content\/uploads\/sites\/3\/2025\/09\/cordacik_2_2024_2025.png\" alt=\"\" width=\"455\" height=\"643\" \/><\/a><\/td>\n<td><a href=\"https:\/\/anyflip.com\/fwpoc\/rjzw\/\" target=\"_blank\" rel=\"noopener\"><img loading=\"lazy\" decoding=\"async\" class=\"alignnone size-full wp-image-20000\" src=\"https:\/\/gkmke.sk\/zs\/wp-content\/uploads\/sites\/3\/2026\/03\/cordacik-1-2025-2026.png\" alt=\"\" width=\"544\" height=\"772\" \/><\/a><\/td>\n<\/tr>\n<tr>\n<td>\n<figure><a href=\"https:\/\/anyflip.com\/fwpoc\/zgfa\/\" target=\"_blank\" rel=\"noopener\"><img loading=\"lazy\" decoding=\"async\" class=\"aligncenter wp-image-5569 size-full\" src=\"https:\/\/gkmke.sk\/zs\/wp-content\/uploads\/sites\/3\/2022\/09\/2-21-22.png\" alt=\"\" width=\"455\" height=\"643\" \/><\/a><\/figure>\n<\/td>\n<td>\n<figure><a href=\"https:\/\/anyflip.com\/fwpoc\/fnip\/\" target=\"_blank\" rel=\"noopener\"><img loading=\"lazy\" decoding=\"async\" class=\"aligncenter wp-image-5996 size-full\" src=\"https:\/\/gkmke.sk\/zs\/wp-content\/uploads\/sites\/3\/2023\/01\/1-22-23.png\" alt=\"\" width=\"455\" height=\"643\" \/><\/a><\/figure>\n<\/td>\n<td>\n<figure><a href=\"https:\/\/anyflip.com\/fwpoc\/gfqi\/\" target=\"_blank\" rel=\"noopener\"><img loading=\"lazy\" decoding=\"async\" class=\"size-full wp-image-6730 aligncenter\" src=\"https:\/\/gkmke.sk\/zs\/wp-content\/uploads\/sites\/3\/2023\/09\/2022-2023-2.jpg\" alt=\"\" width=\"420\" height=\"596\" \/><\/a><\/figure>\n<\/td>\n<td>\n<figure><a href=\"https:\/\/anyflip.com\/fwpoc\/tgak\/\" target=\"_blank\" rel=\"noopener\"><img loading=\"lazy\" decoding=\"async\" class=\"size-full wp-image-7326 aligncenter\" src=\"https:\/\/gkmke.sk\/zs\/wp-content\/uploads\/sites\/3\/2024\/01\/cordacik-obalka-23-24-1.jpg\" alt=\"\" width=\"560\" height=\"796\" \/><\/a><\/figure>\n<\/td>\n<\/tr>\n<tr>\n<td>\n<figure><a href=\"https:\/\/anyflip.com\/fwpoc\/boyt\/\" target=\"_blank\" rel=\"noopener\"><img loading=\"lazy\" decoding=\"async\" class=\"aligncenter wp-image-4755 size-full\" src=\"https:\/\/gkmke.sk\/zs\/wp-content\/uploads\/sites\/3\/2022\/01\/1-21-22.png\" alt=\"\" width=\"420\" height=\"596\" \/><\/a><\/figure>\n<\/td>\n<td>\n<figure><a href=\"https:\/\/anyflip.com\/fwpoc\/wcyu\/\" target=\"_blank\" rel=\"noopener\"><img loading=\"lazy\" decoding=\"async\" class=\"aligncenter wp-image-4767 size-full\" src=\"https:\/\/gkmke.sk\/zs\/wp-content\/uploads\/sites\/3\/2022\/01\/2-20-21.png\" alt=\"\" width=\"420\" height=\"596\" \/><\/a><\/figure>\n<\/td>\n<td>\n<figure><a href=\"https:\/\/anyflip.com\/fwpoc\/jlvz\/\" target=\"_blank\" rel=\"noopener\"><img loading=\"lazy\" decoding=\"async\" class=\"aligncenter wp-image-4754 size-full\" src=\"https:\/\/gkmke.sk\/zs\/wp-content\/uploads\/sites\/3\/2022\/01\/1-20-21.png\" alt=\"\" width=\"420\" height=\"596\" \/><\/a><\/figure>\n<\/td>\n<td>\n<figure><img loading=\"lazy\" decoding=\"async\" class=\"size-full wp-image-4753 aligncenter\" src=\"https:\/\/gkmke.sk\/zs\/wp-content\/uploads\/sites\/3\/2022\/01\/1-19-20.png\" alt=\"\" width=\"420\" height=\"596\" \/><\/figure>\n<\/td>\n<\/tr>\n<tr>\n<td>\n<figure><a href=\"https:\/\/anyflip.com\/fwpoc\/wyqr\/\" target=\"_blank\" rel=\"noopener\"><img loading=\"lazy\" decoding=\"async\" class=\"size-full wp-image-4770 aligncenter\" src=\"https:\/\/gkmke.sk\/zs\/wp-content\/uploads\/sites\/3\/2022\/01\/3-18-19.png\" alt=\"\" width=\"420\" height=\"596\" \/><\/a><\/figure>\n<\/td>\n<td>\n<figure><a href=\"https:\/\/anyflip.com\/fwpoc\/vyag\/\" target=\"_blank\" rel=\"noopener\"><img loading=\"lazy\" decoding=\"async\" class=\"size-full wp-image-4766 aligncenter\" src=\"https:\/\/gkmke.sk\/zs\/wp-content\/uploads\/sites\/3\/2022\/01\/2-18-19.png\" alt=\"\" width=\"420\" height=\"596\" \/><\/a><\/figure>\n<\/td>\n<td>\n<figure><a href=\"https:\/\/anyflip.com\/fwpoc\/xlew\/\" target=\"_blank\" rel=\"noopener\"><img loading=\"lazy\" decoding=\"async\" class=\"size-full wp-image-4752 aligncenter\" src=\"https:\/\/gkmke.sk\/zs\/wp-content\/uploads\/sites\/3\/2022\/01\/1-18-19.png\" alt=\"\" width=\"420\" height=\"596\" \/><\/a><\/figure>\n<\/td>\n<td>\n<figure><a href=\"https:\/\/anyflip.com\/fwpoc\/lscw\/\" target=\"_blank\" rel=\"noopener\"><img loading=\"lazy\" decoding=\"async\" class=\"size-full wp-image-4769 aligncenter\" src=\"https:\/\/gkmke.sk\/zs\/wp-content\/uploads\/sites\/3\/2022\/01\/3-17-18.png\" alt=\"\" width=\"420\" height=\"596\" \/><\/a><\/figure>\n<\/td>\n<\/tr>\n<tr>\n<td>\n<figure><a href=\"https:\/\/anyflip.com\/fwpoc\/naox\/\" target=\"_blank\" rel=\"noopener\"><img loading=\"lazy\" decoding=\"async\" class=\"size-full wp-image-4765 aligncenter\" src=\"https:\/\/gkmke.sk\/zs\/wp-content\/uploads\/sites\/3\/2022\/01\/2-17-18.png\" alt=\"\" width=\"420\" height=\"596\" \/><\/a><\/figure>\n<\/td>\n<td>\n<figure><a href=\"https:\/\/anyflip.com\/fwpoc\/nugn\/\" target=\"_blank\" rel=\"noopener\"><img loading=\"lazy\" decoding=\"async\" class=\"size-full wp-image-4751 aligncenter\" src=\"https:\/\/gkmke.sk\/zs\/wp-content\/uploads\/sites\/3\/2022\/01\/1-17-18.png\" alt=\"\" width=\"420\" height=\"596\" \/><\/a><\/figure>\n<\/td>\n<td>\n<figure><a href=\"https:\/\/anyflip.com\/fwpoc\/hoxd\/\" target=\"_blank\" rel=\"noopener\"><img loading=\"lazy\" decoding=\"async\" class=\"size-full wp-image-4768 aligncenter\" src=\"https:\/\/gkmke.sk\/zs\/wp-content\/uploads\/sites\/3\/2022\/01\/3-16-17.png\" alt=\"\" width=\"420\" height=\"596\" \/><\/a><\/figure>\n<\/td>\n<td>\n<figure><a href=\"https:\/\/anyflip.com\/fwpoc\/lqzp\/\" target=\"_blank\" rel=\"noopener\"><img loading=\"lazy\" decoding=\"async\" class=\"size-full wp-image-4764 aligncenter\" src=\"https:\/\/gkmke.sk\/zs\/wp-content\/uploads\/sites\/3\/2022\/01\/2-16-17.png\" alt=\"\" width=\"420\" height=\"596\" \/><\/a><\/figure>\n<\/td>\n<\/tr>\n<tr>\n<td>\n<figure><a href=\"https:\/\/anyflip.com\/fwpoc\/hmdv\/\" target=\"_blank\" rel=\"noopener\"><img loading=\"lazy\" decoding=\"async\" class=\"size-full wp-image-4750 aligncenter\" src=\"https:\/\/gkmke.sk\/zs\/wp-content\/uploads\/sites\/3\/2022\/01\/1-16-17.png\" alt=\"\" width=\"420\" height=\"596\" \/><\/a><\/figure>\n<\/td>\n<td>\n<figure><a href=\"https:\/\/anyflip.com\/fwpoc\/vdwv\/\" target=\"_blank\" rel=\"noopener\"><img loading=\"lazy\" decoding=\"async\" class=\"size-full wp-image-4763 aligncenter\" src=\"https:\/\/gkmke.sk\/zs\/wp-content\/uploads\/sites\/3\/2022\/01\/2-15-16.png\" alt=\"\" width=\"420\" height=\"596\" \/><\/a><\/figure>\n<\/td>\n<td>\n<figure><a href=\"https:\/\/anyflip.com\/fwpoc\/yard\/\" target=\"_blank\" rel=\"noopener\"><img loading=\"lazy\" decoding=\"async\" class=\"size-full wp-image-4749 aligncenter\" src=\"https:\/\/gkmke.sk\/zs\/wp-content\/uploads\/sites\/3\/2022\/01\/1-15-16.png\" alt=\"\" width=\"420\" height=\"596\" \/><\/a><\/figure>\n<\/td>\n<td>\n<figure><a href=\"https:\/\/anyflip.com\/fwpoc\/ivwu\/\" target=\"_blank\" rel=\"noopener\"><img loading=\"lazy\" decoding=\"async\" class=\"alignnone size-full wp-image-4748 aligncenter\" src=\"https:\/\/gkmke.sk\/zs\/wp-content\/uploads\/sites\/3\/2022\/01\/1-14-15.png\" alt=\"\" width=\"420\" height=\"596\" \/><\/a><\/figure>\n<\/td>\n<\/tr>\n<tr>\n<td>\n<figure><a href=\"https:\/\/anyflip.com\/fwpoc\/evyz\/\" target=\"_blank\" rel=\"noopener\"><img loading=\"lazy\" decoding=\"async\" class=\"size-full wp-image-4743 aligncenter\" src=\"https:\/\/gkmke.sk\/zs\/wp-content\/uploads\/sites\/3\/2022\/01\/1-2-13-14.png\" alt=\"\" width=\"420\" height=\"596\" \/><\/a><\/figure>\n<\/td>\n<td>\n<figure><a href=\"https:\/\/anyflip.com\/fwpoc\/xtap\/\" target=\"_blank\" rel=\"noopener\"><img loading=\"lazy\" decoding=\"async\" class=\"size-full wp-image-4762 aligncenter\" src=\"https:\/\/gkmke.sk\/zs\/wp-content\/uploads\/sites\/3\/2022\/01\/2-12-13.png\" alt=\"\" width=\"420\" height=\"596\" \/><\/a><\/figure>\n<\/td>\n<td>\n<figure><img loading=\"lazy\" decoding=\"async\" class=\"size-full wp-image-4747 aligncenter\" src=\"https:\/\/gkmke.sk\/zs\/wp-content\/uploads\/sites\/3\/2022\/01\/1-12-13.png\" alt=\"\" width=\"420\" height=\"596\" \/><\/figure>\n<\/td>\n<td>\n<figure><a href=\"https:\/\/anyflip.com\/fwpoc\/gpgi\/\" target=\"_blank\" rel=\"noopener\"><img loading=\"lazy\" decoding=\"async\" class=\"size-full wp-image-4761 aligncenter\" src=\"https:\/\/gkmke.sk\/zs\/wp-content\/uploads\/sites\/3\/2022\/01\/2-11-12.png\" alt=\"\" width=\"420\" height=\"596\" \/><\/a><\/figure>\n<\/td>\n<\/tr>\n<tr>\n<td>\n<figure><img loading=\"lazy\" decoding=\"async\" class=\"size-full wp-image-4746 aligncenter\" src=\"https:\/\/gkmke.sk\/zs\/wp-content\/uploads\/sites\/3\/2022\/01\/1-11-12.png\" alt=\"\" width=\"420\" height=\"596\" \/><\/figure>\n<\/td>\n<td>\n<figure><img loading=\"lazy\" decoding=\"async\" class=\"size-full wp-image-4760 aligncenter\" src=\"https:\/\/gkmke.sk\/zs\/wp-content\/uploads\/sites\/3\/2022\/01\/2-10-11.png\" alt=\"\" width=\"420\" height=\"596\" \/><\/figure>\n<\/td>\n<td>\n<figure><img loading=\"lazy\" decoding=\"async\" class=\"size-full wp-image-4745 aligncenter\" src=\"https:\/\/gkmke.sk\/zs\/wp-content\/uploads\/sites\/3\/2022\/01\/1-10-11.png\" alt=\"\" width=\"420\" height=\"596\" \/><\/figure>\n<\/td>\n<td>\n<figure><img loading=\"lazy\" decoding=\"async\" class=\"size-full wp-image-4759 aligncenter\" src=\"https:\/\/gkmke.sk\/zs\/wp-content\/uploads\/sites\/3\/2022\/01\/2-9-10.png\" alt=\"\" width=\"420\" height=\"596\" \/><\/figure>\n<\/td>\n<\/tr>\n<tr>\n<td>\n<figure><img loading=\"lazy\" decoding=\"async\" class=\"size-full wp-image-4744 aligncenter\" src=\"https:\/\/gkmke.sk\/zs\/wp-content\/uploads\/sites\/3\/2022\/01\/1-9-10.png\" alt=\"\" width=\"420\" height=\"596\" \/><\/figure>\n<\/td>\n<td>\n<figure><img loading=\"lazy\" decoding=\"async\" class=\"size-full wp-image-4758 aligncenter\" src=\"https:\/\/gkmke.sk\/zs\/wp-content\/uploads\/sites\/3\/2022\/01\/2-8-9.png\" alt=\"\" width=\"420\" height=\"596\" \/><\/figure>\n<\/td>\n<td>\n<figure><img loading=\"lazy\" decoding=\"async\" class=\"size-full wp-image-4757 aligncenter\" src=\"https:\/\/gkmke.sk\/zs\/wp-content\/uploads\/sites\/3\/2022\/01\/2-7-8.png\" alt=\"\" width=\"420\" height=\"596\" \/><\/figure>\n<\/td>\n<td>\n<figure><img loading=\"lazy\" decoding=\"async\" class=\"size-full wp-image-4756 aligncenter\" src=\"https:\/\/gkmke.sk\/zs\/wp-content\/uploads\/sites\/3\/2022\/01\/2-6-7.png\" alt=\"\" width=\"420\" height=\"596\" \/><\/figure>\n<\/td>\n<\/tr>\n<\/tbody>\n<\/table>\n<\/figure>\n<\/div>\n<\/div>\n<\/div>\n<\/div>\n<\/div>\n<\/div>\n\n<p>\u00a0<\/p>\n\n<p><strong>(skoro) NOVINKA!\u00a0<\/strong><\/p>\n\n<p>Mali sme t\u00fa \u010des\u0165, \u017ee sme sa stali prvou redak\u010dnou radou, ktor\u00e1 sa predstavila v\u00a0 &#8222;\u0160kolskom \u010dasopise&#8220;.\u00a0 Je to projekt Ob\u010dianskeho zdru\u017eenia \u00daLET, ktor\u00e9 sa od roku 2005 venuje aktivit\u00e1m pre deti a ml\u00e1de\u017e v oblasti literat\u00fary a \u017eurnalistiky.\u00a0Na ich webe \u010d\u00edtame: &#8222;Cie\u013eom projektu je rozv\u00edja\u0165 tvorivos\u0165 a kreativitu \u017eiakov z\u00e1kladn\u00fdch \u0161k\u00f4l, umo\u017eni\u0165 im vyjadri\u0165 svoj n\u00e1zor na ot\u00e1zky \u0161kolsk\u00e9ho i spolo\u010densk\u00e9ho \u017eivota. Na\u0161\u00edm cie\u013eom je podporova\u0165 medi\u00e1lnu gramotnos\u0165, ktor\u00fa pova\u017eujeme za jednu z k\u013e\u00fa\u010dov\u00fdch kompetenci\u00ed 21. storo\u010dia a prep\u00e1ja\u0165 \u0161kolsk\u00e9 zru\u010dnosti a vedomosti s re\u00e1lnym \u017eivotom formou z\u00e1\u017eitku a stretnutia so skuto\u010dn\u00fdm svetom m\u00e9di\u00ed, ktor\u00fd ka\u017edodenne ovplyv\u0148uje \u017eivot mlad\u00fdch \u013eud\u00ed v ich myslen\u00ed, usporiadan\u00ed hodn\u00f4t a konan\u00ed.&#8220;\u00a0 Viac inform\u00e1ci\u00ed n\u00e1jdete na <a href=\"https:\/\/skolskycasopis.sk\" target=\"_blank\" rel=\"noopener noreferrer\">skolskycasopis.sk<\/a>.<\/p>\n\n<p>\u00a0<\/p>\n\n<p>Za redak\u010dn\u00fd t\u00edm pani u\u010dite\u013eka Lucia Palkov\u00e1.<\/p>\n\n<p>\u00a0<\/p>\n\t\t\t\t\t\t\t\t<\/div>\n\t\t\t\t<\/div>\n\t\t\t\t\t<\/div>\n\t\t\t\t<\/div>\n\t\t\t\t<\/div>\n\t\t","protected":false},"excerpt":{"rendered":"<p>\u010casopis \u010cORD\u00c1\u010cIK za\u010dal p\u00edsa\u0165 svoju hist\u00f3riu v \u0161kolskom roku 2006\/2007.\u00a0 Postupne, ako sa\u00a0 menili \u017eiaci v redak\u010dnej rade, tak sa menil aj n\u00e1\u0161 \u010dasopis. A ke\u010f\u017ee sme chceli vedie\u0165, \u010di sa n\u00e1m dar\u00ed napredova\u0165, rozhodli sme sa uk\u00e1za\u0165 aj za &hellip; <\/p>\n","protected":false},"author":1,"featured_media":1251,"parent":0,"menu_order":0,"comment_status":"closed","ping_status":"closed","template":"","meta":{"_acf_changed":false,"footnotes":""},"class_list":["post-1234","page","type-page","status-publish","has-post-thumbnail","hentry"],"acf":[],"_links":{"self":[{"href":"https:\/\/gkmke.sk\/zs\/wp-json\/wp\/v2\/pages\/1234","targetHints":{"allow":["GET"]}}],"collection":[{"href":"https:\/\/gkmke.sk\/zs\/wp-json\/wp\/v2\/pages"}],"about":[{"href":"https:\/\/gkmke.sk\/zs\/wp-json\/wp\/v2\/types\/page"}],"author":[{"embeddable":true,"href":"https:\/\/gkmke.sk\/zs\/wp-json\/wp\/v2\/users\/1"}],"replies":[{"embeddable":true,"href":"https:\/\/gkmke.sk\/zs\/wp-json\/wp\/v2\/comments?post=1234"}],"version-history":[{"count":1,"href":"https:\/\/gkmke.sk\/zs\/wp-json\/wp\/v2\/pages\/1234\/revisions"}],"predecessor-version":[{"id":20007,"href":"https:\/\/gkmke.sk\/zs\/wp-json\/wp\/v2\/pages\/1234\/revisions\/20007"}],"wp:featuredmedia":[{"embeddable":true,"href":"https:\/\/gkmke.sk\/zs\/wp-json\/"}],"wp:attachment":[{"href":"https:\/\/gkmke.sk\/zs\/wp-json\/wp\/v2\/media?parent=1234"}],"curies":[{"name":"wp","href":"https:\/\/api.w.org\/{rel}","templated":true}]}}