{"id":16,"date":"2018-03-28T15:54:51","date_gmt":"2018-03-28T13:54:51","guid":{"rendered":"https:\/\/gkmke.sk\/zstemp\/rodicia\/"},"modified":"2025-05-12T05:53:15","modified_gmt":"2025-05-12T03:53:15","slug":"rodicia","status":"publish","type":"page","link":"https:\/\/gkmke.sk\/zs\/rodicia\/","title":{"rendered":"Rodi\u010dia"},"content":{"rendered":"<h1 class=\"cr-article__title\">E-\u017eiacka kni\u017eka<\/h1>\n<p>E-\u017eiacka kni\u017eka je modernou formou komunik\u00e1cie rodi\u010da a \u0161koly. Pracuje na platforme mobilnej aplik\u00e1cie alebo webov\u00e9ho prehliada\u010da. Na za\u010diatku \u0161t\u00fadia dostanete od n\u00e1s prihlasovacie meno a heslo, ktor\u00fdm sa budete prihlasova\u0165 do aplik\u00e1cie EduPage cez svoje rodi\u010dovsk\u00e9 konto.<\/p>\n<p>V tejto platforme je mo\u017en\u00e9 monitorova\u0165 doch\u00e1dzku \u017eiaka \/vid\u00edte pr\u00edchod a odchod \u017eiaka zo \u0161koly\/, prospech \u017eiaka \/v\u017edy aktu\u00e1lne v\u00fdsledky a priemery\/, m\u00f4\u017eete ospravedl\u0148ova\u0165 nepr\u00edtomnos\u0165 \u017eiaka, komunikova\u0165 s triednym u\u010dite\u013eom, sledova\u0165 dom\u00e1ce \u00falohy zad\u00e1van\u00e9 pedag\u00f3gom, rozpis \u0161kolsk\u00fdch akci\u00ed, monitorova\u0165 rozvrh hod\u00edn \u017eiaka a podobne. Aplik\u00e1cia m\u00e1 svoje v\u00fdhody a \u0161etr\u00ed V\u00e1m \u010das.<\/p>\n<p>Prihl\u00e1senie do elektronickej \u017eiackej kni\u017eky:\u00a0<a href=\"https:\/\/gkm.edupage.org\/login\/\" target=\"_blank\" rel=\"noopener\">https:\/\/gkm.edupage.org\/login\/<\/a><\/p>\n<p>&nbsp;<\/p>\n","protected":false},"excerpt":{"rendered":"<p>E-\u017eiacka kni\u017eka E-\u017eiacka kni\u017eka je modernou formou komunik\u00e1cie rodi\u010da a \u0161koly. Pracuje na platforme mobilnej aplik\u00e1cie alebo webov\u00e9ho prehliada\u010da. Na za\u010diatku \u0161t\u00fadia dostanete od n\u00e1s prihlasovacie meno a heslo, ktor\u00fdm sa budete prihlasova\u0165 do aplik\u00e1cie EduPage cez svoje rodi\u010dovsk\u00e9 konto. &hellip; <\/p>\n","protected":false},"author":1,"featured_media":0,"parent":0,"menu_order":4,"comment_status":"closed","ping_status":"closed","template":"","meta":{"_acf_changed":false,"footnotes":""},"class_list":["post-16","page","type-page","status-publish","hentry"],"acf":[],"_links":{"self":[{"href":"https:\/\/gkmke.sk\/zs\/wp-json\/wp\/v2\/pages\/16","targetHints":{"allow":["GET"]}}],"collection":[{"href":"https:\/\/gkmke.sk\/zs\/wp-json\/wp\/v2\/pages"}],"about":[{"href":"https:\/\/gkmke.sk\/zs\/wp-json\/wp\/v2\/types\/page"}],"author":[{"embeddable":true,"href":"https:\/\/gkmke.sk\/zs\/wp-json\/wp\/v2\/users\/1"}],"replies":[{"embeddable":true,"href":"https:\/\/gkmke.sk\/zs\/wp-json\/wp\/v2\/comments?post=16"}],"version-history":[{"count":0,"href":"https:\/\/gkmke.sk\/zs\/wp-json\/wp\/v2\/pages\/16\/revisions"}],"wp:attachment":[{"href":"https:\/\/gkmke.sk\/zs\/wp-json\/wp\/v2\/media?parent=16"}],"curies":[{"name":"wp","href":"https:\/\/api.w.org\/{rel}","templated":true}]}}