{"id":16207,"date":"2023-11-16T00:00:00","date_gmt":"2023-11-15T23:00:00","guid":{"rendered":"https:\/\/gkmke.sk\/zs\/o-nas\/"},"modified":"2025-05-12T06:20:40","modified_gmt":"2025-05-12T04:20:40","slug":"o-nas","status":"publish","type":"page","link":"https:\/\/gkmke.sk\/zs\/o-nas\/","title":{"rendered":"O n\u00e1s"},"content":{"rendered":"<p style=\"text-align: center\"><strong>\u0160IKOVN\u00c9 &#8211; KREAT\u00cdVNE &#8211; DOBROSRDE\u010cN\u00c9 DETI<\/strong><\/p>\n<p style=\"text-align: center\"><em>\u201eDie\u0165a je kvetinou, n\u00e1dejou radosti, nech je \u0161kola hrou a diel\u0148ou \u013eudskosti.\u201c<\/em>\u00a0 (J.A. Komensk\u00fd)<\/p>\n<p>&nbsp;<\/p>\n<p>\u0160kolsk\u00fd klub det\u00ed pri Z\u0160 sv. Ko\u0161ick\u00fdch mu\u010den\u00edkov pon\u00faka \u017eiakom 1. \u2013 4. ro\u010dn\u00edka akt\u00edvne, kreat\u00edvne a z\u00e1bavne vyu\u017e\u00edva\u0165 vo\u013en\u00fd \u010das po vyu\u010dovan\u00ed.<\/p>\n<p>V\u0161etky oddelenia \u0160KD sa zameriavaj\u00fa na oddych a relax\u00e1ciu \u017eiakov po vyu\u010dovan\u00ed, na v\u0161estrann\u00fd rozvoj osobnosti die\u0165a\u0165a cez r\u00f4zne aktivity a na precvi\u010dovanie a upev\u0148ovanie u\u010diva prostredn\u00edctvom didaktick\u00fdch hier. \u010cinnos\u0165 \u0160KD prebieha v kme\u0148ov\u00fdch triedach, v priestoroch \u0161koly a na pri\u013eahl\u00fdch ihrisk\u00e1ch pod veden\u00edm pani vychov\u00e1vateliek.<\/p>\n<p>V\u00fdchovno-vzdel\u00e1vacia \u010dinnos\u0165 sa realizuje, v jednotliv\u00fdch oddeleniach \u0161kolsk\u00e9ho klubu, prostredn\u00edctvom tematick\u00fdch oblast\u00ed v\u00fdchovy:<\/p>\n<ol>\n<li style=\"list-style-type: none\">\n<ol>\n<li style=\"list-style-type: none\">\n<ol>\n<li style=\"list-style-type: none\">\n<ol>\n<li>Komunik\u00e1cia a pr\u00e1ca s inform\u00e1ciami<\/li>\n<li>Sebarozvoj a svet pr\u00e1ce<\/li>\n<li>Zdravie a subjekt\u00edvna pohoda<\/li>\n<li>Spolo\u010dnos\u0165 a pr\u00edroda<\/li>\n<li>Kult\u00fara a umenie<\/li>\n<\/ol>\n<\/li>\n<\/ol>\n<\/li>\n<\/ol>\n<\/li>\n<\/ol>\n","protected":false},"excerpt":{"rendered":"<p>\u0160IKOVN\u00c9 &#8211; KREAT\u00cdVNE &#8211; DOBROSRDE\u010cN\u00c9 DETI \u201eDie\u0165a je kvetinou, n\u00e1dejou radosti, nech je \u0161kola hrou a diel\u0148ou \u013eudskosti.\u201c\u00a0 (J.A. Komensk\u00fd) &nbsp; \u0160kolsk\u00fd klub det\u00ed pri Z\u0160 sv. Ko\u0161ick\u00fdch mu\u010den\u00edkov pon\u00faka \u017eiakom 1. \u2013 4. ro\u010dn\u00edka akt\u00edvne, kreat\u00edvne a z\u00e1bavne vyu\u017e\u00edva\u0165 &hellip; <\/p>\n","protected":false},"author":1,"featured_media":0,"parent":0,"menu_order":0,"comment_status":"closed","ping_status":"closed","template":"","meta":{"_acf_changed":false,"footnotes":""},"class_list":["post-16207","page","type-page","status-publish","hentry"],"acf":[],"_links":{"self":[{"href":"https:\/\/gkmke.sk\/zs\/wp-json\/wp\/v2\/pages\/16207","targetHints":{"allow":["GET"]}}],"collection":[{"href":"https:\/\/gkmke.sk\/zs\/wp-json\/wp\/v2\/pages"}],"about":[{"href":"https:\/\/gkmke.sk\/zs\/wp-json\/wp\/v2\/types\/page"}],"author":[{"embeddable":true,"href":"https:\/\/gkmke.sk\/zs\/wp-json\/wp\/v2\/users\/1"}],"replies":[{"embeddable":true,"href":"https:\/\/gkmke.sk\/zs\/wp-json\/wp\/v2\/comments?post=16207"}],"version-history":[{"count":0,"href":"https:\/\/gkmke.sk\/zs\/wp-json\/wp\/v2\/pages\/16207\/revisions"}],"wp:attachment":[{"href":"https:\/\/gkmke.sk\/zs\/wp-json\/wp\/v2\/media?parent=16207"}],"curies":[{"name":"wp","href":"https:\/\/api.w.org\/{rel}","templated":true}]}}