{"id":18,"date":"2018-03-28T15:54:51","date_gmt":"2018-03-28T13:54:51","guid":{"rendered":"https:\/\/gkmke.sk\/zstemp\/fotogaleria\/"},"modified":"2025-05-12T06:01:58","modified_gmt":"2025-05-12T04:01:58","slug":"fotogaleria","status":"publish","type":"page","link":"https:\/\/gkmke.sk\/zs\/fotogaleria\/","title":{"rendered":"Fotogal\u00e9ria"},"content":{"rendered":"<p>Fotogal\u00e9riu aktu\u00e1lneho \u0161kolsk\u00e9ho roka n\u00e1jdete <a href=\"https:\/\/www.zonerama.com\/zskmke\/488211\" target=\"_blank\" rel=\"noopener\">tu.<\/a><\/p>\n","protected":false},"excerpt":{"rendered":"<p>Fotogal\u00e9riu aktu\u00e1lneho \u0161kolsk\u00e9ho roka n\u00e1jdete tu.<\/p>\n","protected":false},"author":1,"featured_media":0,"parent":0,"menu_order":5,"comment_status":"closed","ping_status":"closed","template":"","meta":{"_acf_changed":false,"footnotes":""},"class_list":["post-18","page","type-page","status-publish","hentry"],"acf":[],"_links":{"self":[{"href":"https:\/\/gkmke.sk\/zs\/wp-json\/wp\/v2\/pages\/18","targetHints":{"allow":["GET"]}}],"collection":[{"href":"https:\/\/gkmke.sk\/zs\/wp-json\/wp\/v2\/pages"}],"about":[{"href":"https:\/\/gkmke.sk\/zs\/wp-json\/wp\/v2\/types\/page"}],"author":[{"embeddable":true,"href":"https:\/\/gkmke.sk\/zs\/wp-json\/wp\/v2\/users\/1"}],"replies":[{"embeddable":true,"href":"https:\/\/gkmke.sk\/zs\/wp-json\/wp\/v2\/comments?post=18"}],"version-history":[{"count":0,"href":"https:\/\/gkmke.sk\/zs\/wp-json\/wp\/v2\/pages\/18\/revisions"}],"wp:attachment":[{"href":"https:\/\/gkmke.sk\/zs\/wp-json\/wp\/v2\/media?parent=18"}],"curies":[{"name":"wp","href":"https:\/\/api.w.org\/{rel}","templated":true}]}}