{"id":19924,"date":"2026-02-24T09:47:25","date_gmt":"2026-02-24T08:47:25","guid":{"rendered":"https:\/\/gkmke.sk\/zs\/?page_id=19924"},"modified":"2026-02-24T09:47:25","modified_gmt":"2026-02-24T08:47:25","slug":"prispevky","status":"publish","type":"page","link":"https:\/\/gkmke.sk\/zs\/prispevky\/","title":{"rendered":"Pr\u00edspevky"},"content":{"rendered":"\n<p>V\u00e1\u017een\u00ed rodi\u010dia,<\/p>\n\n\n\n<p>preh\u013ead pr\u00edspevkov v \u0161kolskom roku 2025\/2026 n\u00e1jdete v dokumente:<\/p>\n\n\n\n<p><a href=\"https:\/\/gkmke.sk\/zus\/wp-content\/uploads\/sites\/5\/2025\/09\/Prehlad-prispevkov-sk_rok-_25_26.pdf\" target=\"_blank\" rel=\"noreferrer noopener\">Preh\u013ead pr\u00edspevkov \u0161k_rok _25_26<\/a><\/p>\n\n\n\n<p><\/p>\n","protected":false},"excerpt":{"rendered":"<p>V\u00e1\u017een\u00ed rodi\u010dia, preh\u013ead pr\u00edspevkov v \u0161kolskom roku 2025\/2026 n\u00e1jdete v dokumente: Preh\u013ead pr\u00edspevkov \u0161k_rok _25_26<\/p>\n","protected":false},"author":2,"featured_media":0,"parent":0,"menu_order":0,"comment_status":"closed","ping_status":"closed","template":"","meta":{"_acf_changed":false,"footnotes":""},"class_list":["post-19924","page","type-page","status-publish","hentry"],"acf":[],"_links":{"self":[{"href":"https:\/\/gkmke.sk\/zs\/wp-json\/wp\/v2\/pages\/19924","targetHints":{"allow":["GET"]}}],"collection":[{"href":"https:\/\/gkmke.sk\/zs\/wp-json\/wp\/v2\/pages"}],"about":[{"href":"https:\/\/gkmke.sk\/zs\/wp-json\/wp\/v2\/types\/page"}],"author":[{"embeddable":true,"href":"https:\/\/gkmke.sk\/zs\/wp-json\/wp\/v2\/users\/2"}],"replies":[{"embeddable":true,"href":"https:\/\/gkmke.sk\/zs\/wp-json\/wp\/v2\/comments?post=19924"}],"version-history":[{"count":1,"href":"https:\/\/gkmke.sk\/zs\/wp-json\/wp\/v2\/pages\/19924\/revisions"}],"predecessor-version":[{"id":19925,"href":"https:\/\/gkmke.sk\/zs\/wp-json\/wp\/v2\/pages\/19924\/revisions\/19925"}],"wp:attachment":[{"href":"https:\/\/gkmke.sk\/zs\/wp-json\/wp\/v2\/media?parent=19924"}],"curies":[{"name":"wp","href":"https:\/\/api.w.org\/{rel}","templated":true}]}}