{"id":4895,"date":"2022-02-01T09:18:08","date_gmt":"2022-02-01T08:18:08","guid":{"rendered":"https:\/\/gkmke.sk\/zstemp\/?page_id=4895"},"modified":"2026-01-12T23:25:25","modified_gmt":"2026-01-12T22:25:25","slug":"skolsky-digitalny-koordinator","status":"publish","type":"page","link":"https:\/\/gkmke.sk\/zs\/skolsky-digitalny-koordinator\/","title":{"rendered":"\u0160kolsk\u00fd digit\u00e1lny koordin\u00e1tor"},"content":{"rendered":"\t\t<div data-elementor-type=\"wp-page\" data-elementor-id=\"4895\" class=\"elementor elementor-4895\">\n\t\t\t\t<div class=\"elementor-element elementor-element-19370e5b e-flex e-con-boxed e-con e-parent\" data-id=\"19370e5b\" data-element_type=\"container\" data-e-type=\"container\">\n\t\t\t\t\t<div class=\"e-con-inner\">\n\t\t\t\t<div class=\"elementor-element elementor-element-328de4df elementor-widget elementor-widget-text-editor\" data-id=\"328de4df\" data-element_type=\"widget\" data-e-type=\"widget\" data-widget_type=\"text-editor.default\">\n\t\t\t\t<div class=\"elementor-widget-container\">\n\t\t\t\t\t\t\t\t\t<p>Na\u0161a \u0161kola prech\u00e1dza postupne premenou z tradi\u010dnej \u0161koly na digit\u00e1lnu \u0161kolu. Od\u00a0 \u0161kolsk\u00e9ho roka\u00a0 2021\/2022 p\u00f4sob\u00ed na \u0161kole \u0161kolsk\u00fd digit\u00e1lny koordin\u00e1tor. Prvoradou bola defin\u00edcia v\u00edzie &#8222;Kde sme a kam smerujeme&#8220;. Na jej z\u00e1klade sme vytvorili\u00a0 Ak\u010dn\u00fd pl\u00e1n Z\u0160. Ako hovor\u00ed samotn\u00fd n\u00e1zov, ide o dynamick\u00fd pl\u00e1n cie\u013eov, ktor\u00fd dop\u013a\u0148ame a priebe\u017ene aktualizujeme. Budeme radi, ak na tomto AP budeme participova\u0165 spolo\u010dne. Preto priv\u00edtame nov\u00e9 n\u00e1pady a tipy, ako aj ak\u00fako\u013evek formu pomoci. Svoje podnety i ot\u00e1zky adresujte Ing. Lucii Palkovej, \u0161kolsk\u00e9mu digit\u00e1lnemu koordin\u00e1torovi na <em>menopriezviskozavin\u00e1\u010dgkmkebodkask<\/em>.<\/p>\t\t\t\t\t\t\t\t<\/div>\n\t\t\t\t<\/div>\n\t\t\t\t\t<\/div>\n\t\t\t\t<\/div>\n\t\t\t\t<section class=\"elementor-section elementor-top-section elementor-element elementor-element-75b8afc1 elementor-section-stretched elementor-section-boxed elementor-section-height-default elementor-section-height-default\" data-id=\"75b8afc1\" data-element_type=\"section\" data-e-type=\"section\" data-settings=\"{&quot;stretch_section&quot;:&quot;section-stretched&quot;}\">\n\t\t\t\t\t\t<div class=\"elementor-container elementor-column-gap-custom\">\n\t\t\t\t\t<div class=\"elementor-column elementor-col-33 elementor-top-column elementor-element elementor-element-21931c97\" data-id=\"21931c97\" data-element_type=\"column\" data-e-type=\"column\">\n\t\t\t<div class=\"elementor-widget-wrap elementor-element-populated\">\n\t\t\t\t\t\t<div class=\"elementor-element elementor-element-3d90c93a iconbox--tablettext-left elementor-widget-tablet__width-initial elementor-widget-mobile__width-inherit iconbox-text-left elementor-widget elementor-widget-thim-icon-box\" data-id=\"3d90c93a\" data-element_type=\"widget\" data-e-type=\"widget\" data-widget_type=\"thim-icon-box.default\">\n\t\t\t\t<div class=\"elementor-widget-container\">\n\t\t\t\t\t<div class=\"thim-widget-icon-box\"><div class=\"wrapper-box-icon has_custom_image text-left \"><div class=\"smicon-box iconbox-top\"><div class=\"boxes-icon\"><a class=\"icon-box-link\" href=\"https:\/\/gkmke.sk\/zs\/online-materialy\/\" target=\"_blank\"><span class=\"inner-icon\"><span class=\"icon icon-images\"><img fetchpriority=\"high\" decoding=\"async\" src=\"https:\/\/gkmke.sk\/zs\/wp-content\/uploads\/sites\/3\/2025\/06\/pexels-nickoloui-2506947.jpg\" alt=\"pexels-nickoloui-2506947\"  width=\"1600\" height=\"900\"><\/span><\/span><\/a><\/div><div class=\"content-inner\"><div class=\"sc-heading\"><h3 class=\"heading__primary\"><a class=\"icon-box-link\" href=\"https:\/\/gkmke.sk\/zs\/online-materialy\/\" target=\"_blank\">Digit\u00e1lny \u017eiak<\/a><\/h3><\/div><div class=\"desc-icon-box\"><div class=\"desc-content\">Tipy pre \u017eiakov - pr\u00e1ca s AI <\/div><a class=\"smicon-read sc-btn\" href=\"https:\/\/gkmke.sk\/zs\/online-materialy\/\" target=\"_blank\">Viac ... <i class=\"edu-chevron-right\"><\/i><\/a><\/div><\/div><\/div><\/div><\/div>\t\t\t\t<\/div>\n\t\t\t\t<\/div>\n\t\t\t\t\t<\/div>\n\t\t<\/div>\n\t\t\t\t<div class=\"elementor-column elementor-col-33 elementor-top-column elementor-element elementor-element-90fdb40\" data-id=\"90fdb40\" data-element_type=\"column\" data-e-type=\"column\">\n\t\t\t<div class=\"elementor-widget-wrap elementor-element-populated\">\n\t\t\t\t\t\t<div class=\"elementor-element elementor-element-53a537cb iconbox--tablettext-left elementor-widget-tablet__width-initial elementor-widget-mobile__width-inherit iconbox-text-left elementor-widget elementor-widget-thim-icon-box\" data-id=\"53a537cb\" data-element_type=\"widget\" data-e-type=\"widget\" data-widget_type=\"thim-icon-box.default\">\n\t\t\t\t<div class=\"elementor-widget-container\">\n\t\t\t\t\t<div class=\"thim-widget-icon-box\"><div class=\"wrapper-box-icon has_custom_image text-left \"><div class=\"smicon-box iconbox-top\"><div class=\"boxes-icon\"><a class=\"icon-box-link\" href=\"https:\/\/gkmke.sk\/zs\/digitalni-rodicia\/\" target=\"_blank\"><span class=\"inner-icon\"><span class=\"icon icon-images\"><img decoding=\"async\" src=\"https:\/\/gkmke.sk\/zs\/wp-content\/uploads\/sites\/3\/2025\/06\/pexels-pixabay-265087.jpg\" alt=\"pexels-pixabay-265087\"  width=\"1600\" height=\"1067\"><\/span><\/span><\/a><\/div><div class=\"content-inner\"><div class=\"sc-heading\"><h3 class=\"heading__primary\"><a class=\"icon-box-link\" href=\"https:\/\/gkmke.sk\/zs\/digitalni-rodicia\/\" target=\"_blank\">Digit\u00e1lni rodi\u010dia<\/a><\/h3><\/div><div class=\"desc-icon-box\"><div class=\"desc-content\">Zauj\u00edmavosti a vyu\u017eitie AI pre rodi\u010dov<\/div><a class=\"smicon-read sc-btn\" href=\"https:\/\/gkmke.sk\/zs\/digitalni-rodicia\/\" target=\"_blank\">Viac ... <i class=\"edu-chevron-right\"><\/i><\/a><\/div><\/div><\/div><\/div><\/div>\t\t\t\t<\/div>\n\t\t\t\t<\/div>\n\t\t\t\t\t<\/div>\n\t\t<\/div>\n\t\t\t\t<div class=\"elementor-column elementor-col-33 elementor-top-column elementor-element elementor-element-4c79a836\" data-id=\"4c79a836\" data-element_type=\"column\" data-e-type=\"column\">\n\t\t\t<div class=\"elementor-widget-wrap elementor-element-populated\">\n\t\t\t\t\t\t<div class=\"elementor-element elementor-element-7898a88e iconbox--tablettext-left elementor-widget-tablet__width-initial elementor-widget-mobile__width-inherit iconbox-text-left elementor-widget elementor-widget-thim-icon-box\" data-id=\"7898a88e\" data-element_type=\"widget\" data-e-type=\"widget\" data-widget_type=\"thim-icon-box.default\">\n\t\t\t\t<div class=\"elementor-widget-container\">\n\t\t\t\t\t<div class=\"thim-widget-icon-box\"><div class=\"wrapper-box-icon has_custom_image text-left \"><div class=\"smicon-box iconbox-top\"><div class=\"boxes-icon\"><a class=\"icon-box-link\" href=\"https:\/\/gkmke.sk\/zs\/bezpecnostne-tipy\/\" target=\"_blank\"><span class=\"inner-icon\"><span class=\"icon icon-images\"><img decoding=\"async\" src=\"https:\/\/gkmke.sk\/zs\/wp-content\/uploads\/sites\/3\/2025\/06\/pexels-designecologist-1779487.jpg\" alt=\"pexels-designecologist-1779487\"  width=\"1600\" height=\"1067\"><\/span><\/span><\/a><\/div><div class=\"content-inner\"><div class=\"sc-heading\"><h3 class=\"heading__primary\"><a class=\"icon-box-link\" href=\"https:\/\/gkmke.sk\/zs\/bezpecnostne-tipy\/\" target=\"_blank\">Bezpe\u010dnostn\u00e9 tipy<\/a><\/h3><\/div><div class=\"desc-icon-box\"><div class=\"desc-content\">Pozrite si bezpe\u010dnostn\u00e9 tipy.<\/div><a class=\"smicon-read sc-btn\" href=\"https:\/\/gkmke.sk\/zs\/bezpecnostne-tipy\/\" target=\"_blank\">Viac ... <i class=\"edu-chevron-right\"><\/i><\/a><\/div><\/div><\/div><\/div><\/div>\t\t\t\t<\/div>\n\t\t\t\t<\/div>\n\t\t\t\t\t<\/div>\n\t\t<\/div>\n\t\t\t\t\t<\/div>\n\t\t<\/section>\n\t\t<div class=\"elementor-element elementor-element-6874a96 e-flex e-con-boxed e-con e-parent\" data-id=\"6874a96\" data-element_type=\"container\" data-e-type=\"container\">\n\t\t\t\t\t<div class=\"e-con-inner\">\n\t\t\t\t<div class=\"elementor-element elementor-element-bb28749 elementor-widget elementor-widget-text-editor\" data-id=\"bb28749\" data-element_type=\"widget\" data-e-type=\"widget\" data-widget_type=\"text-editor.default\">\n\t\t\t\t<div class=\"elementor-widget-container\">\n\t\t\t\t\t\t\t\t\t<p>Neprehliadnite!\u00a0<\/p><p><img loading=\"lazy\" decoding=\"async\" class=\"alignnone wp-image-19433\" src=\"https:\/\/gkmke.sk\/zs\/wp-content\/uploads\/sites\/3\/2026\/01\/Cyber-Security-1-1.jpg\" alt=\"\" width=\"500\" height=\"707\" \/>\u00a0<\/p><p>\u00a0<\/p><p>\u00a0<\/p><p><strong>\u0160kolsk\u00fd rok 2025\/2026<\/strong><\/p><p>\u0160kolsk\u00fd digit\u00e1lny koordin\u00e1tor: <em>Ing. Lucia Palkov\u00e1<\/em> cez n\u00e1rodn\u00fd projekt Podpora pom\u00e1haj\u00facich profesi\u00ed 3 (NP POP 3).<\/p><p><strong>\u0160kolsk\u00fd rok 2024\/2025<\/strong><\/p><p>\u0160kolsk\u00fd digit\u00e1lny koordin\u00e1tor: <em>Ing. Lucia Palkov\u00e1<\/em> cez n\u00e1rodn\u00fd projekt Podpora pom\u00e1haj\u00facich profesi\u00ed 3 (NP POP 3).<\/p><p><em>N\u00e1rodn\u00fd projekt \u201ePodpora pom\u00e1haj\u00facich profesi\u00ed 3\u201c je zameran\u00fd na financovanie podporn\u00fdch profesi\u00ed v \u0161kolstve. Cie\u013eom nov\u00e9ho projektu je stabilizova\u0165 poz\u00edcie, ktor\u00e9 boli doteraz financovan\u00e9 cez r\u00f4zne projekty zo zdrojov Eur\u00f3pskej \u00fanie. <\/em><em>\u00a0<\/em><em>Podrobnej\u0161ie inform\u00e1cie n\u00e1jdete\u00a0<a href=\"https:\/\/nivam.sk\/np-pop3\/\" target=\"_blank\" rel=\"noopener\"><strong>TU.<\/strong><\/a><\/em><\/p><p>Aktualizovan\u00fd <strong>Ak\u010dn\u00fd pl\u00e1n \u0161koly (Z\u0160+GYM)<\/strong>: <a href=\"https:\/\/gkmke.sk\/zs\/wp-content\/uploads\/sites\/3\/2025\/07\/AKCNY_PLAN_jun_2025.pdf\">AKCNY_PLAN_j\u00fan_2025<\/a><\/p><p><strong>\u0160kolsk\u00fd rok 2023\/2024<\/strong><\/p><p>\u0160kolsk\u00fd digit\u00e1lny koordin\u00e1tor: <em>Ing. Lucia Palkov\u00e1<\/em> cez n\u00e1rodn\u00fd projekt Podpora pom\u00e1haj\u00facich profesi\u00ed 3 (NP POP 3).<\/p><p><em>N\u00e1rodn\u00fd projekt \u201ePodpora pom\u00e1haj\u00facich profesi\u00ed 3\u201c je zameran\u00fd na financovanie podporn\u00fdch profesi\u00ed v \u0161kolstve. Cie\u013eom nov\u00e9ho projektu je stabilizova\u0165 poz\u00edcie, ktor\u00e9 boli doteraz financovan\u00e9 cez r\u00f4zne projekty zo zdrojov Eur\u00f3pskej \u00fanie. <\/em><em>\u00a0<\/em><em>Podrobnej\u0161ie inform\u00e1cie n\u00e1jdete\u00a0<a href=\"https:\/\/nivam.sk\/vyhodnotenie-prihlasok-do-narodneho-projektu-podpora-pomahajucich-profesii-3\/\" target=\"_blank\" rel=\"noopener\"><strong>TU.<\/strong><\/a><\/em><\/p><p><img loading=\"lazy\" decoding=\"async\" class=\"aligncenter wp-image-6679 size-full\" src=\"https:\/\/gkmke.sk\/zs\/wp-content\/uploads\/sites\/3\/2023\/08\/pop.png\" alt=\"\" width=\"551\" height=\"136\" \/><\/p><p><strong>\u0160kolsk\u00fd rok 2022\/2023<\/strong><\/p><p>\u0160kolsk\u00fd digit\u00e1lny koordin\u00e1tor: <em>Ing. Lucia Palkov\u00e1<\/em> cez projekt NP edIT.<\/p><p><strong>\u0160kolsk\u00fd rok 2021\/2022<\/strong><\/p><p>\u0160kolsk\u00fd digit\u00e1lny koordin\u00e1tor: <em>Ing. Lucia Palkov\u00e1<\/em> cez projekt NP edIT. Viac inform\u00e1ci\u00ed o tomto projekte:<\/p><p><a href=\"https:\/\/www.minedu.sk\/np-edit\/\" target=\"_blank\" rel=\"noopener\">https:\/\/www.minedu.sk\/np-edit\/<\/a><\/p><p><a href=\"https:\/\/www.minedu.sk\/skolsky-digitalny-koordinator\/\" target=\"_blank\" rel=\"noopener\">https:\/\/www.minedu.sk\/skolsky-digitalny-koordinator\/<\/a><\/p><p align=\"center\"><img loading=\"lazy\" decoding=\"async\" class=\"alignnone size-full wp-image-5410\" src=\"https:\/\/gkmke.sk\/zs\/wp-content\/uploads\/sites\/3\/2022\/07\/10865-0517-ed-it-logo-final2.png\" alt=\"\" width=\"350\" height=\"139\" \/><\/p>\t\t\t\t\t\t\t\t<\/div>\n\t\t\t\t<\/div>\n\t\t\t\t\t<\/div>\n\t\t\t\t<\/div>\n\t\t\t\t<section class=\"elementor-section elementor-top-section elementor-element elementor-element-fd242f6 elementor-section-stretched elementor-hidden-desktop elementor-hidden-tablet elementor-hidden-mobile_extra elementor-hidden-mobile elementor-section-boxed elementor-section-height-default elementor-section-height-default\" data-id=\"fd242f6\" data-element_type=\"section\" data-e-type=\"section\" data-settings=\"{&quot;stretch_section&quot;:&quot;section-stretched&quot;}\">\n\t\t\t\t\t\t<div class=\"elementor-container elementor-column-gap-custom\">\n\t\t\t\t\t<div class=\"elementor-column elementor-col-25 elementor-top-column elementor-element elementor-element-16ab622\" data-id=\"16ab622\" data-element_type=\"column\" data-e-type=\"column\">\n\t\t\t<div class=\"elementor-widget-wrap elementor-element-populated\">\n\t\t\t\t\t\t<div class=\"elementor-element elementor-element-06cfb3d iconbox--tablettext-left elementor-widget-tablet__width-initial elementor-widget-mobile__width-inherit iconbox-text-left elementor-widget elementor-widget-thim-icon-box\" data-id=\"06cfb3d\" data-element_type=\"widget\" data-e-type=\"widget\" data-widget_type=\"thim-icon-box.default\">\n\t\t\t\t<div class=\"elementor-widget-container\">\n\t\t\t\t\t<div class=\"thim-widget-icon-box\"><div class=\"wrapper-box-icon has_custom_image text-left \"><div class=\"smicon-box iconbox-top\"><div class=\"boxes-icon\"><a class=\"icon-box-link\" href=\"https:\/\/gkmke.sk\/zs\/digibanka\/\" target=\"_blank\"><span class=\"inner-icon\"><span class=\"icon icon-images\"><img loading=\"lazy\" decoding=\"async\" src=\"https:\/\/gkmke.sk\/zs\/wp-content\/uploads\/sites\/3\/2025\/06\/pexels-vojtech-okenka-127162-392018.jpg\" alt=\"pexels-vojtech-okenka-127162-392018\"  width=\"1600\" height=\"1067\"><\/span><\/span><\/a><\/div><div class=\"content-inner\"><div class=\"sc-heading\"><h3 class=\"heading__primary\"><a class=\"icon-box-link\" href=\"https:\/\/gkmke.sk\/zs\/digibanka\/\" target=\"_blank\">DigiBanka<\/a><\/h3><\/div><div class=\"desc-icon-box\"><div class=\"desc-content\">Tipy pre u\u010dite\u013eov - pr\u00e1ca s AI<\/div><a class=\"smicon-read sc-btn\" href=\"https:\/\/gkmke.sk\/zs\/digibanka\/\" target=\"_blank\">Viac ... <i class=\"edu-chevron-right\"><\/i><\/a><\/div><\/div><\/div><\/div><\/div>\t\t\t\t<\/div>\n\t\t\t\t<\/div>\n\t\t\t\t\t<\/div>\n\t\t<\/div>\n\t\t\t\t<div class=\"elementor-column elementor-col-25 elementor-top-column elementor-element elementor-element-e264d5e\" data-id=\"e264d5e\" data-element_type=\"column\" data-e-type=\"column\">\n\t\t\t<div class=\"elementor-widget-wrap elementor-element-populated\">\n\t\t\t\t\t\t<div class=\"elementor-element elementor-element-5e36dd7 iconbox--tablettext-left elementor-widget-tablet__width-initial elementor-widget-mobile__width-inherit iconbox-text-left elementor-widget elementor-widget-thim-icon-box\" data-id=\"5e36dd7\" data-element_type=\"widget\" data-e-type=\"widget\" data-widget_type=\"thim-icon-box.default\">\n\t\t\t\t<div class=\"elementor-widget-container\">\n\t\t\t\t\t<div class=\"thim-widget-icon-box\"><div class=\"wrapper-box-icon has_custom_image text-left \"><div class=\"smicon-box iconbox-top\"><div class=\"boxes-icon\"><a class=\"icon-box-link\" href=\"https:\/\/gkmke.sk\/zs\/online-materialy\/\" target=\"_blank\"><span class=\"inner-icon\"><span class=\"icon icon-images\"><img fetchpriority=\"high\" decoding=\"async\" src=\"https:\/\/gkmke.sk\/zs\/wp-content\/uploads\/sites\/3\/2025\/06\/pexels-nickoloui-2506947.jpg\" alt=\"pexels-nickoloui-2506947\"  width=\"1600\" height=\"900\"><\/span><\/span><\/a><\/div><div class=\"content-inner\"><div class=\"sc-heading\"><h3 class=\"heading__primary\"><a class=\"icon-box-link\" href=\"https:\/\/gkmke.sk\/zs\/online-materialy\/\" target=\"_blank\">Digit\u00e1lny \u017eiak<\/a><\/h3><\/div><div class=\"desc-icon-box\"><div class=\"desc-content\">Tipy na aplik\u00e1cie s AI pre \u017eiakov<\/div><a class=\"smicon-read sc-btn\" href=\"https:\/\/gkmke.sk\/zs\/online-materialy\/\" target=\"_blank\">Viac ... <i class=\"edu-chevron-right\"><\/i><\/a><\/div><\/div><\/div><\/div><\/div>\t\t\t\t<\/div>\n\t\t\t\t<\/div>\n\t\t\t\t\t<\/div>\n\t\t<\/div>\n\t\t\t\t<div class=\"elementor-column elementor-col-25 elementor-top-column elementor-element elementor-element-4eca63e\" data-id=\"4eca63e\" data-element_type=\"column\" data-e-type=\"column\">\n\t\t\t<div class=\"elementor-widget-wrap elementor-element-populated\">\n\t\t\t\t\t\t<div class=\"elementor-element elementor-element-da1f399 iconbox--tablettext-left elementor-widget-tablet__width-initial elementor-widget-mobile__width-inherit iconbox-text-left elementor-widget elementor-widget-thim-icon-box\" data-id=\"da1f399\" data-element_type=\"widget\" data-e-type=\"widget\" data-widget_type=\"thim-icon-box.default\">\n\t\t\t\t<div class=\"elementor-widget-container\">\n\t\t\t\t\t<div class=\"thim-widget-icon-box\"><div class=\"wrapper-box-icon has_custom_image text-left \"><div class=\"smicon-box iconbox-top\"><div class=\"boxes-icon\"><a class=\"icon-box-link\" href=\"https:\/\/gkmke.sk\/zs\/digitalni-rodicia\/\" target=\"_blank\"><span class=\"inner-icon\"><span class=\"icon icon-images\"><img decoding=\"async\" src=\"https:\/\/gkmke.sk\/zs\/wp-content\/uploads\/sites\/3\/2025\/06\/pexels-pixabay-265087.jpg\" alt=\"pexels-pixabay-265087\"  width=\"1600\" height=\"1067\"><\/span><\/span><\/a><\/div><div class=\"content-inner\"><div class=\"sc-heading\"><h3 class=\"heading__primary\"><a class=\"icon-box-link\" href=\"https:\/\/gkmke.sk\/zs\/digitalni-rodicia\/\" target=\"_blank\">Digit\u00e1lni rodi\u010dia<\/a><\/h3><\/div><div class=\"desc-icon-box\"><div class=\"desc-content\">Zauj\u00edmavosti a vyu\u017eitie AI pre rodi\u010dov<\/div><a class=\"smicon-read sc-btn\" href=\"https:\/\/gkmke.sk\/zs\/digitalni-rodicia\/\" target=\"_blank\">Viac ... <i class=\"edu-chevron-right\"><\/i><\/a><\/div><\/div><\/div><\/div><\/div>\t\t\t\t<\/div>\n\t\t\t\t<\/div>\n\t\t\t\t\t<\/div>\n\t\t<\/div>\n\t\t\t\t<div class=\"elementor-column elementor-col-25 elementor-top-column elementor-element elementor-element-95a4860\" data-id=\"95a4860\" data-element_type=\"column\" data-e-type=\"column\">\n\t\t\t<div class=\"elementor-widget-wrap elementor-element-populated\">\n\t\t\t\t\t\t<div class=\"elementor-element elementor-element-4b6eca0 iconbox--tablettext-left elementor-widget-tablet__width-initial elementor-widget-mobile__width-inherit iconbox-text-left elementor-widget elementor-widget-thim-icon-box\" data-id=\"4b6eca0\" data-element_type=\"widget\" data-e-type=\"widget\" data-widget_type=\"thim-icon-box.default\">\n\t\t\t\t<div class=\"elementor-widget-container\">\n\t\t\t\t\t<div class=\"thim-widget-icon-box\"><div class=\"wrapper-box-icon has_custom_image text-left \"><div class=\"smicon-box iconbox-top\"><div class=\"boxes-icon\"><a class=\"icon-box-link\" href=\"https:\/\/gkmke.sk\/zs\/bezpecnostne-tipy\/\" target=\"_blank\"><span class=\"inner-icon\"><span class=\"icon icon-images\"><img decoding=\"async\" src=\"https:\/\/gkmke.sk\/zs\/wp-content\/uploads\/sites\/3\/2025\/06\/pexels-designecologist-1779487.jpg\" alt=\"pexels-designecologist-1779487\"  width=\"1600\" height=\"1067\"><\/span><\/span><\/a><\/div><div class=\"content-inner\"><div class=\"sc-heading\"><h3 class=\"heading__primary\"><a class=\"icon-box-link\" href=\"https:\/\/gkmke.sk\/zs\/bezpecnostne-tipy\/\" target=\"_blank\">Bezpe\u010dnostn\u00e9 tipy<\/a><\/h3><\/div><div class=\"desc-icon-box\"><div class=\"desc-content\">Pozrite si bezpe\u010dnostn\u00e9 tipy.<\/div><a class=\"smicon-read sc-btn\" href=\"https:\/\/gkmke.sk\/zs\/bezpecnostne-tipy\/\" target=\"_blank\">Viac ... <i class=\"edu-chevron-right\"><\/i><\/a><\/div><\/div><\/div><\/div><\/div>\t\t\t\t<\/div>\n\t\t\t\t<\/div>\n\t\t\t\t\t<\/div>\n\t\t<\/div>\n\t\t\t\t\t<\/div>\n\t\t<\/section>\n\t\t\t\t<\/div>\n\t\t","protected":false},"excerpt":{"rendered":"<p>Na\u0161a \u0161kola prech\u00e1dza postupne premenou z tradi\u010dnej \u0161koly na digit\u00e1lnu \u0161kolu. Od\u00a0 \u0161kolsk\u00e9ho roka\u00a0 2021\/2022 p\u00f4sob\u00ed na \u0161kole \u0161kolsk\u00fd digit\u00e1lny koordin\u00e1tor. Prvoradou bola defin\u00edcia v\u00edzie &#8222;Kde sme a kam smerujeme&#8220;. Na jej z\u00e1klade sme vytvorili\u00a0 Ak\u010dn\u00fd pl\u00e1n Z\u0160. Ako hovor\u00ed &hellip; <\/p>\n","protected":false},"author":3,"featured_media":4898,"parent":0,"menu_order":0,"comment_status":"closed","ping_status":"closed","template":"","meta":{"_acf_changed":false,"footnotes":""},"class_list":["post-4895","page","type-page","status-publish","has-post-thumbnail","hentry"],"acf":[],"_links":{"self":[{"href":"https:\/\/gkmke.sk\/zs\/wp-json\/wp\/v2\/pages\/4895","targetHints":{"allow":["GET"]}}],"collection":[{"href":"https:\/\/gkmke.sk\/zs\/wp-json\/wp\/v2\/pages"}],"about":[{"href":"https:\/\/gkmke.sk\/zs\/wp-json\/wp\/v2\/types\/page"}],"author":[{"embeddable":true,"href":"https:\/\/gkmke.sk\/zs\/wp-json\/wp\/v2\/users\/3"}],"replies":[{"embeddable":true,"href":"https:\/\/gkmke.sk\/zs\/wp-json\/wp\/v2\/comments?post=4895"}],"version-history":[{"count":1,"href":"https:\/\/gkmke.sk\/zs\/wp-json\/wp\/v2\/pages\/4895\/revisions"}],"predecessor-version":[{"id":19436,"href":"https:\/\/gkmke.sk\/zs\/wp-json\/wp\/v2\/pages\/4895\/revisions\/19436"}],"wp:featuredmedia":[{"embeddable":true,"href":"https:\/\/gkmke.sk\/zs\/wp-json\/"}],"wp:attachment":[{"href":"https:\/\/gkmke.sk\/zs\/wp-json\/wp\/v2\/media?parent=4895"}],"curies":[{"name":"wp","href":"https:\/\/api.w.org\/{rel}","templated":true}]}}