{"id":617,"date":"2018-09-04T21:58:06","date_gmt":"2018-09-04T19:58:06","guid":{"rendered":"https:\/\/gkmke.sk\/zstemp\/?page_id=617"},"modified":"2026-04-08T08:35:09","modified_gmt":"2026-04-08T06:35:09","slug":"online-materialy","status":"publish","type":"page","link":"https:\/\/gkmke.sk\/zs\/online-materialy\/","title":{"rendered":"Online materi\u00e1ly"},"content":{"rendered":"\t\t<div data-elementor-type=\"wp-page\" data-elementor-id=\"617\" class=\"elementor elementor-617\">\n\t\t\t\t<div class=\"elementor-element elementor-element-b92550b e-flex e-con-boxed e-con e-parent\" data-id=\"b92550b\" data-element_type=\"container\" data-e-type=\"container\">\n\t\t\t\t\t<div class=\"e-con-inner\">\n\t\t\t\t<div class=\"elementor-element elementor-element-5ce1c256 elementor-widget elementor-widget-text-editor\" data-id=\"5ce1c256\" data-element_type=\"widget\" data-e-type=\"widget\" data-widget_type=\"text-editor.default\">\n\t\t\t\t<div class=\"elementor-widget-container\">\n\t\t\t\t\t\t\t\t\t<p>Mil\u00ed \u017eiaci!<\/p><p>Na t\u00fdchto odkazoch n\u00e1jdete online materi\u00e1ly pre 5. a\u017e 9. ro\u010dn\u00edk k predmetom vyu\u017e\u00edvaj\u00facim informa\u010dno-komunika\u010dn\u00e9 technol\u00f3gie na vyu\u010dovac\u00edch hodin\u00e1ch.<\/p><p>Technick\u00e1 v\u00fdchova (Ing. Lucia Palkov\u00e1, Mgr. Nikola Lackov\u00e1)<\/p><p><a href=\"https:\/\/gkmke.sk\/zs\/wp-content\/uploads\/sites\/3\/2026\/04\/Profesia_sk_pracovny_list_7_B.docx\">Profesia_sk_pracovny_list_7_B<\/a><\/p><p>\u00a0<\/p><ul><li><strong>Informatika<\/strong> (Ing. Lucia Palkov\u00e1)<\/li><\/ul><p>TRIEDA: 6.B<\/p><p><a title=\"Opakovanie - vn\u00fatro PC a I\/O zariadenia\" href=\"https:\/\/student.magicschool.ai\/s\/join?joinCode=RPw3Nw\" target=\"_blank\" rel=\"noopener\">Opakovanie &#8211; vn\u00fatro PC a I\/O zariadenia<\/a><\/p><p>Odkaz na TEST DIGIT\u00c1LNYCH ZRU\u010cNOST\u00cd: (v\u00fdstupn\u00fd test bude spr\u00edstupnen\u00fd v j\u00fani 2026)<\/p><p><b>Zauj\u00edmav\u00e9 tipy na hodiny s vyu\u017eit\u00edm AI<\/b><\/p><ul><li><strong>Angli\u010dtina:<\/strong><\/li><\/ul><p><a href=\"https:\/\/research.google.com\/semantris\/\" target=\"_blank\" rel=\"noopener\">Zahraj si TETRIS s AI<\/a><br \/><a href=\"https:\/\/artsandculture.google.com\/experiment\/say-what-you-see\/jwG3m7wQShZngw\" target=\"_blank\" rel=\"noopener\">Sta\u0148 sa znalcom umeleck\u00fdch diel<\/a><br \/><a href=\"https:\/\/artsandculture.google.com\/experiment\/cultural-crosswords\/JgGaXxGHVxpn4A\" target=\"_blank\" rel=\"noopener\">Rie\u0161 tajni\u010dky z r\u00f4znych oblast\u00ed<\/a><\/p><ul><li><strong>Hudobn\u00e1 v\u00fdchova:<\/strong><\/li><\/ul><p><a href=\"https:\/\/spectrogram.sciencemusic.org\/\" target=\"_blank\" rel=\"noopener\">Ma\u013eovan\u00e1 hudba<\/a><br \/><a href=\"https:\/\/artsandculture.google.com\/experiment\/musical-canvas\/6AF2kMdrQhI4tQ\" target=\"_blank\" rel=\"noopener\">Zhudobni svoju ma\u013ebu \ud83d\ude42<\/a><br \/><a href=\"https:\/\/artsandculture.google.com\/experiment\/blob-opera\/AAHWrq360NcGbw\" target=\"_blank\" rel=\"noopener\">Blob OPERA &#8211; v opere \ud83d\ude42<\/a><br \/><a href=\"https:\/\/artsandculture.google.com\/experiment\/viola-the-bird\/nAEJVwNkp-FnrQ\" target=\"_blank\" rel=\"noopener\">Zahraj si \u00d3du na rados\u0165 &#8211; na violon\u010dele<\/a><\/p><p><span data-contrast=\"auto\">MIZOU je skvel\u00fd n\u00e1stroj na precvi\u010denie tak cudzieho jazyka ako aj r\u00f4znych in\u00fdch oblast\u00ed (GEO, MAT, HUV &#8230;). <\/span><span data-contrast=\"auto\">Jedna zo zauj\u00edmav\u00fdch aplik\u00e1cii je vhodn\u00e1 na hodinu hudobnej v\u00fdchovy. Vyzvite \u0161tudentov z\u00e1bavn\u00fdmi kv\u00edzmi o hudobn\u00fdch faktoch a hist\u00f3rii. U\u010ditelia m\u00f4\u017eu pou\u017ei\u0165 tohto\u00a0chatbota\u00a0na posilnenie vedomost\u00ed a podporu v\u00fdskumn\u00fdch zru\u010dnost\u00ed:\u00a0<\/span><b><span data-contrast=\"none\">\u00a0<a href=\"https:\/\/mizou.com\/preview-bot?ID=19458&amp;page=index\" target=\"_blank\" rel=\"noopener\">\u010co vie\u0161 o hudobn\u00fdch dielach?<\/a><\/span><\/b><br \/>Aplik\u00e1cia je zdarma, je ale potrebn\u00e9 sa registrova\u0165, napr. cez google konto.<\/p><p><strong>V\u00fdtvarn\u00e1 v\u00fdchova s informatikou<\/strong><\/p><p><span class=\"TextRun SCXO91873234 BCX8\" lang=\"SK-SK\" xml:lang=\"SK-SK\" data-contrast=\"auto\"><span class=\"NormalTextRun SCXO91873234 BCX8\">Skvel\u00e1 aplik\u00e1cia na \u201eo\u017eivenie\u201c nakreslenej postavi\u010dky. Nechajte deti nakresli\u0165 si postavi\u010dku na papier (VV) alebo v grafickom programe v po\u010d\u00edta\u010di, nahrajte ju a n\u00e1sledne ju nieko\u013ek\u00fdmi krokmi animujte. Nechajte ju tancova\u0165 \u010di sk\u00e1ka\u0165\u00a0<\/span><\/span><span class=\"TextRun SCXO91873234 BCX8\" lang=\"SK-SK\" xml:lang=\"SK-SK\" data-contrast=\"auto\"><span class=\"NormalTextRun SCXO91873234 BCX8\">\ud83d\ude0a<\/span><\/span><span class=\"TextRun SCXO91873234 BCX8\" lang=\"SK-SK\" xml:lang=\"SK-SK\" data-contrast=\"auto\"><span class=\"NormalTextRun SCXO91873234 BCX8\"> Stiahnite si ju v podobe GIF. A zo v\u0161etk\u00fdch t\u00fdchto GIF m\u00f4\u017eete n\u00e1sledne vytvori\u0165 pr\u00edbeh (napr\u00edklad aj v prezen\u010dnom programe). <\/span><\/span><\/p><p><span class=\"TextRun SCXO91873234 BCX8\" lang=\"SK-SK\" xml:lang=\"SK-SK\" data-contrast=\"auto\"><span class=\"NormalTextRun SCXO91873234 BCX8\">Klikni tu: <\/span><\/span><a href=\"https:\/\/sketch.metademolab.com\/\" target=\"_blank\" rel=\"noopener\">Animated Drawing<\/a><\/p><p><strong>EKOv\u00fdchova<\/strong><\/p><p>Tento kurz si m\u00f4\u017ee urobi\u0165 ktoko\u013evek zo \u017eiakov 2.stup\u0148a \ud83d\ude42 Je naozaj zauj\u00edmav\u00fd, oplat\u00ed sa \ud83d\ude42<\/p><p><a href=\"https:\/\/www.prelepsiubuducnostzeme.sk\/\" target=\"_blank\" rel=\"noopener\">Pre lep\u0161iu bud\u00facnos\u0165 Zeme 4 &#8211; online kurz<\/a><\/p><ul><li><strong>Programovanie s micro:bitmi:<\/strong><\/li><\/ul><p>Pr. 1 <em>Obojsmern\u00e1 komunik\u00e1cia. Kliknut\u00edm na link spust\u00ed\u0161 programovacie prostredie <strong>makecode.microbit.org<\/strong>.<\/em><\/p><p>Vysiela\u010d:<br \/><a href=\"https:\/\/makecode.microbit.org\/_XwAahX9J5bye\" target=\"_blank\" rel=\"noopener\">https:\/\/makecode.microbit.org\/_XwAahX9J5bye<\/a><\/p><p>Prij\u00edma\u010d:<br \/><u><a href=\"https:\/\/makecode.microbit.org\/_JyV4jf0iHi4P\" target=\"_blank\" rel=\"noopener\">https:\/\/makecode.microbit.org\/_JyV4jf0iHi4P<\/a><\/u><\/p><p>Dopl\u0148uj\u00face \u00falohy:<br \/><em>a) \u010do by si musel urobi\u0165, aby sa re\u0165azec, ktor\u00fd ti zobraz\u00ed inici\u00e1ly od tvojho par\u0165\u00e1ka,\u00a0 zopakoval 2x po sebe? <\/em><br \/><em>b) dopl\u0148 k\u00f3d, aby si sa, po skon\u010den\u00ed komunik\u00e1cie, par\u0165\u00e1kovi po\u010fakoval<\/em> (pozor, re\u0165azec m\u00f4\u017ee ma\u0165 maxim\u00e1lne 19 znakov) \ud83d\ude0a<\/p><p><strong>MICRO:BITY<\/strong><\/p><p><em>Hra<\/em>: <a href=\"https:\/\/makecode.microbit.org\/23081-59177-61843-03255\" target=\"_blank\" rel=\"noopener\">micro:miner<\/a><br \/><em>Autor:<\/em> Tade\u00e1\u0161 Palko, 8.A<\/p><p><em>Cie\u013e hry:<\/em> Dosta\u0165 &#8222;ban\u00edka&#8220; (blikaj\u00facu LEDku) z \u013eav\u00e9ho doln\u00e9ho rohu do prav\u00e9ho horn\u00e9ho rohu.<\/p><p><em>N\u00e1vod:<\/em> Tla\u010didlom A od\u0161tartuje\u0161 hru. Na za\u010diatku je nastaven\u00fd po\u010det stien (statick\u00fdch LEDiek) na 5. K\u00fdm hru neresetne\u0161 (tla\u010didlo B), ka\u017edou \u010fal\u0161ou hrou (stla\u010den\u00edm tla\u010didla A) sa zvy\u0161uje po\u010det stien o 5 (niektor\u00e9 steny sa m\u00f4\u017eu aj prekr\u00fdva\u0165). Po\u010det stien si m\u00f4\u017ee\u0161 zobrazi\u0165 stla\u010den\u00edm tla\u010didiel A a B s\u00fa\u010dasne.\u00a0 &#8222;Ban\u00edka&#8220; pos\u00fava\u0161 nakl\u00e1\u0148an\u00edm micro:bitu (pohybuj kurzorom my\u0161i\u00a0 ale neklikaj my\u0161ou)\u00a0 v\u017edy pred &#8222;ban\u00edkom&#8220; a necho\u010f mimo okraj micro:bitu. Ke\u010f &#8222;ban\u00edk&#8220; naraz\u00ed na stenu, tak ju rozbije (LED sa vypne) a &#8222;ban\u00edka&#8220; vr\u00e1ti na \u0161tartovn\u00fa poz\u00edciu. Takto pokra\u010duje\u0161 (v preb\u00edjan\u00ed stien), a\u017e k\u00fdm sa &#8222;ban\u00edk&#8220; nedostane do prav\u00e9ho horn\u00e9ho rohu.<\/p>\t\t\t\t\t\t\t\t<\/div>\n\t\t\t\t<\/div>\n\t\t\t\t\t<\/div>\n\t\t\t\t<\/div>\n\t\t\t\t<\/div>\n\t\t","protected":false},"excerpt":{"rendered":"<p>Mil\u00ed \u017eiaci! Na t\u00fdchto odkazoch n\u00e1jdete online materi\u00e1ly pre 5. a\u017e 9. ro\u010dn\u00edk k predmetom vyu\u017e\u00edvaj\u00facim informa\u010dno-komunika\u010dn\u00e9 technol\u00f3gie na vyu\u010dovac\u00edch hodin\u00e1ch. Technick\u00e1 v\u00fdchova (Ing. Lucia Palkov\u00e1, Mgr. Nikola Lackov\u00e1) Profesia_sk_pracovny_list_7_B \u00a0 Informatika (Ing. Lucia Palkov\u00e1) TRIEDA: 6.B Opakovanie &#8211; vn\u00fatro &hellip; <\/p>\n","protected":false},"author":1,"featured_media":2666,"parent":0,"menu_order":0,"comment_status":"closed","ping_status":"closed","template":"","meta":{"_acf_changed":false,"footnotes":""},"class_list":["post-617","page","type-page","status-publish","has-post-thumbnail","hentry"],"acf":[],"_links":{"self":[{"href":"https:\/\/gkmke.sk\/zs\/wp-json\/wp\/v2\/pages\/617","targetHints":{"allow":["GET"]}}],"collection":[{"href":"https:\/\/gkmke.sk\/zs\/wp-json\/wp\/v2\/pages"}],"about":[{"href":"https:\/\/gkmke.sk\/zs\/wp-json\/wp\/v2\/types\/page"}],"author":[{"embeddable":true,"href":"https:\/\/gkmke.sk\/zs\/wp-json\/wp\/v2\/users\/1"}],"replies":[{"embeddable":true,"href":"https:\/\/gkmke.sk\/zs\/wp-json\/wp\/v2\/comments?post=617"}],"version-history":[{"count":1,"href":"https:\/\/gkmke.sk\/zs\/wp-json\/wp\/v2\/pages\/617\/revisions"}],"predecessor-version":[{"id":20144,"href":"https:\/\/gkmke.sk\/zs\/wp-json\/wp\/v2\/pages\/617\/revisions\/20144"}],"wp:featuredmedia":[{"embeddable":true,"href":"https:\/\/gkmke.sk\/zs\/wp-json\/"}],"wp:attachment":[{"href":"https:\/\/gkmke.sk\/zs\/wp-json\/wp\/v2\/media?parent=617"}],"curies":[{"name":"wp","href":"https:\/\/api.w.org\/{rel}","templated":true}]}}