{"id":67,"date":"2018-04-05T18:18:48","date_gmt":"2018-04-05T16:18:48","guid":{"rendered":"https:\/\/gkmke.sk\/zstemp\/?page_id=67"},"modified":"2018-04-05T18:18:48","modified_gmt":"2018-04-05T16:18:48","slug":"2016-2017","status":"publish","type":"page","link":"https:\/\/gkmke.sk\/zs\/fotogaleria\/2016-2017\/","title":{"rendered":"2016 &#8211; 2017"},"content":{"rendered":"<p>Arch\u00edv fotogal\u00e9rie \u0161kolsk\u00e9ho roka\u00a0\u00a0<a href=\"https:\/\/www.zonerama.com\/zskmke\/322346\" target=\"_blank\" rel=\"noopener\">2016\/2017<\/a><\/p>\n","protected":false},"excerpt":{"rendered":"<p>Arch\u00edv fotogal\u00e9rie \u0161kolsk\u00e9ho roka\u00a0\u00a02016\/2017<\/p>\n","protected":false},"author":1,"featured_media":0,"parent":18,"menu_order":0,"comment_status":"closed","ping_status":"closed","template":"","meta":{"_acf_changed":false,"footnotes":""},"class_list":["post-67","page","type-page","status-publish","hentry"],"acf":[],"_links":{"self":[{"href":"https:\/\/gkmke.sk\/zs\/wp-json\/wp\/v2\/pages\/67","targetHints":{"allow":["GET"]}}],"collection":[{"href":"https:\/\/gkmke.sk\/zs\/wp-json\/wp\/v2\/pages"}],"about":[{"href":"https:\/\/gkmke.sk\/zs\/wp-json\/wp\/v2\/types\/page"}],"author":[{"embeddable":true,"href":"https:\/\/gkmke.sk\/zs\/wp-json\/wp\/v2\/users\/1"}],"replies":[{"embeddable":true,"href":"https:\/\/gkmke.sk\/zs\/wp-json\/wp\/v2\/comments?post=67"}],"version-history":[{"count":0,"href":"https:\/\/gkmke.sk\/zs\/wp-json\/wp\/v2\/pages\/67\/revisions"}],"up":[{"embeddable":true,"href":"https:\/\/gkmke.sk\/zs\/wp-json\/wp\/v2\/pages\/18"}],"wp:attachment":[{"href":"https:\/\/gkmke.sk\/zs\/wp-json\/wp\/v2\/media?parent=67"}],"curies":[{"name":"wp","href":"https:\/\/api.w.org\/{rel}","templated":true}]}}