{"id":7088,"date":"2023-11-19T22:06:24","date_gmt":"2023-11-19T21:06:24","guid":{"rendered":"https:\/\/gkmke.sk\/zstemp\/?page_id=7088"},"modified":"2025-10-29T09:34:24","modified_gmt":"2025-10-29T08:34:24","slug":"prevadzka-skd","status":"publish","type":"page","link":"https:\/\/gkmke.sk\/zs\/prevadzka-skd\/","title":{"rendered":"Prev\u00e1dzka \u0160KD"},"content":{"rendered":"\t\t<div data-elementor-type=\"wp-page\" data-elementor-id=\"7088\" class=\"elementor elementor-7088\">\n\t\t\t\t<div class=\"elementor-element elementor-element-73e66a24 e-flex e-con-boxed e-con e-parent\" data-id=\"73e66a24\" data-element_type=\"container\" data-e-type=\"container\">\n\t\t\t\t\t<div class=\"e-con-inner\">\n\t\t\t\t<div class=\"elementor-element elementor-element-4b6267b4 elementor-widget elementor-widget-text-editor\" data-id=\"4b6267b4\" data-element_type=\"widget\" data-e-type=\"widget\" data-widget_type=\"text-editor.default\">\n\t\t\t\t<div class=\"elementor-widget-container\">\n\t\t\t\t\t\t\t\t\t<p>\u0160KD je v prev\u00e1dzke v \u010dase mimo vyu\u010dovania, v rann\u00fdch a popolud\u0148aj\u0161\u00edch hodin\u00e1ch od 6.25 hod. do 17.00 hod., nasledovne:<\/p><ol><li><strong>rann\u00e9 \u0160KD<\/strong> (vstup zo zadn\u00e9ho vchodu do priestorov \u0161koly) od 6.25 hod. \u2013 do 7.25 hod. \u2013 n\u00e1sledne \u017eiaci odch\u00e1dzaj\u00fa do svojich tried<\/li><li><strong>po vyu\u010dovan\u00ed<\/strong> \u2013 od 11.25 (12.20) hod. \u2013 do 16.00 \u2013 jednotliv\u00e9 oddelenia \u0160KD<\/li><li><strong>zbern\u00e9 \u0160KD<\/strong> \u2013 od 16.00 hod. \u2013 do 17:00 hod \u2013 priestory zbern\u00e9ho \u0160KD<\/li><\/ol><p>\u00a0<\/p><p>\u00a0<\/p>\t\t\t\t\t\t\t\t<\/div>\n\t\t\t\t<\/div>\n\t\t\t\t\t<\/div>\n\t\t\t\t<\/div>\n\t\t\t\t<\/div>\n\t\t","protected":false},"excerpt":{"rendered":"<p>\u0160KD je v prev\u00e1dzke v \u010dase mimo vyu\u010dovania, v rann\u00fdch a popolud\u0148aj\u0161\u00edch hodin\u00e1ch od 6.25 hod. do 17.00 hod., nasledovne: rann\u00e9 \u0160KD (vstup zo zadn\u00e9ho vchodu do priestorov \u0161koly) od 6.25 hod. \u2013 do 7.25 hod. \u2013 n\u00e1sledne \u017eiaci odch\u00e1dzaj\u00fa &hellip; <\/p>\n","protected":false},"author":1,"featured_media":7091,"parent":0,"menu_order":0,"comment_status":"closed","ping_status":"closed","template":"","meta":{"_acf_changed":false,"footnotes":""},"class_list":["post-7088","page","type-page","status-publish","has-post-thumbnail","hentry"],"acf":[],"_links":{"self":[{"href":"https:\/\/gkmke.sk\/zs\/wp-json\/wp\/v2\/pages\/7088","targetHints":{"allow":["GET"]}}],"collection":[{"href":"https:\/\/gkmke.sk\/zs\/wp-json\/wp\/v2\/pages"}],"about":[{"href":"https:\/\/gkmke.sk\/zs\/wp-json\/wp\/v2\/types\/page"}],"author":[{"embeddable":true,"href":"https:\/\/gkmke.sk\/zs\/wp-json\/wp\/v2\/users\/1"}],"replies":[{"embeddable":true,"href":"https:\/\/gkmke.sk\/zs\/wp-json\/wp\/v2\/comments?post=7088"}],"version-history":[{"count":1,"href":"https:\/\/gkmke.sk\/zs\/wp-json\/wp\/v2\/pages\/7088\/revisions"}],"predecessor-version":[{"id":19085,"href":"https:\/\/gkmke.sk\/zs\/wp-json\/wp\/v2\/pages\/7088\/revisions\/19085"}],"wp:featuredmedia":[{"embeddable":true,"href":"https:\/\/gkmke.sk\/zs\/wp-json\/"}],"wp:attachment":[{"href":"https:\/\/gkmke.sk\/zs\/wp-json\/wp\/v2\/media?parent=7088"}],"curies":[{"name":"wp","href":"https:\/\/api.w.org\/{rel}","templated":true}]}}