{"id":7162,"date":"2023-12-03T21:45:41","date_gmt":"2023-12-03T20:45:41","guid":{"rendered":"https:\/\/gkmke.sk\/zstemp\/?page_id=7162"},"modified":"2025-05-12T06:01:22","modified_gmt":"2025-05-12T04:01:22","slug":"plan-prace-spojenej-skoly-materialno-technicke-2024-2025","status":"publish","type":"page","link":"https:\/\/gkmke.sk\/zs\/plan-prace-spojenej-skoly-materialno-technicke-2024-2025\/","title":{"rendered":"Pl\u00e1n pr\u00e1ce Spojenej \u0161koly, materi\u00e1lno-technick\u00e9 a person\u00e1lne zabezpe\u010denie 2024\/2025"},"content":{"rendered":"<p>Materi\u00e1lno-technick\u00e9 a person\u00e1lne zabezpe\u010denie, ktor\u00e9 sa pripravuje na aktu\u00e1lny \u0161kolsk\u00fd rok.<\/p>\n<p>Pl\u00e1n pr\u00e1ce Spojenej \u0161koly je s\u00fa\u010das\u0165ou dokumentu \u0161koly.<\/p>\n<p><strong>Obsah dokumentu: <\/strong><\/p>\n<ol>\n<li>\u00davod<\/li>\n<li>Term\u00ednovn\u00edk akci\u00ed na \u0161kolsk\u00fd rok<\/li>\n<li>Term\u00edny \u0161kolsk\u00fdch pr\u00e1zdnin<\/li>\n<li>Person\u00e1lne zabezpe\u010denie, triednictvo, kluby u\u010dite\u013eov (metodick\u00e9 org\u00e1ny)<\/li>\n<li>Hlavn\u00e9 \u00falohy vych\u00e1dzaj\u00face zo Sprievodcu \u0161kolsk\u00fdm rokom M\u0160VVa\u0160 SR, AB\u0160\u00fa<\/li>\n<li>Centrum vo\u013en\u00e9ho \u010dasu &#8211; ponuka a\u00a0person\u00e1lne zabezpe\u010denie z\u00e1ujmovej \u010dinnosti<\/li>\n<li>Pl\u00e1n vn\u00fatro\u0161kolskej kontroly S\u0160 sv. Ko\u0161ick\u00fdch mu\u010den\u00edkov v \u0161kolskom roku<\/li>\n<li>V\u00edzie a\u00a0pl\u00e1ny<\/li>\n<li>Pl\u00e1n exkurzi\u00ed na \u0161kolsk\u00fd rok<\/li>\n<li>Pl\u00e1n kontinu\u00e1lneho vzdel\u00e1vania na \u0161kolsk\u00fd rok<\/li>\n<\/ol>\n<p><a href=\"https:\/\/gkmke.sk\/zs\/wp-content\/uploads\/sites\/3\/2024\/12\/Plan-prace-spojenej-skoly-2024-2025.doc\">Pl\u00e1n pr\u00e1ce spojenej \u0161koly 2024-2025<\/a><\/p>\n<p><a href=\"https:\/\/gkmke.sk\/zs\/wp-content\/uploads\/sites\/3\/2024\/09\/Plan-kontinualneho-vzdelavania-2024.docx\">Plan kontinu\u00e1lneho vzdel\u00e1vania 2024<\/a><\/p>\n<p><a href=\"https:\/\/gkmke.sk\/zs\/wp-content\/uploads\/sites\/3\/2023\/12\/Plan-prace-spojenej-skoly-2023-2024-.docx\">Pl\u00e1n pr\u00e1ce spojenej \u0161koly 2023-2024<\/a><\/p>\n<p><a href=\"https:\/\/gkmke.sk\/zs\/wp-content\/uploads\/sites\/3\/2023\/12\/Plan-kontinualneho-vzd.-2023-2024.docx\">Pl\u00e1n kontinu\u00e1lneho vzd. 2023-2024<\/a><\/p>\n<p><a href=\"https:\/\/gkmke.sk\/zs\/wp-content\/uploads\/sites\/3\/2023\/12\/Plan-exkurzii-2023_2024.docx\">Pla\u0301n exkurzii\u0301 2023_2024<\/a><\/p>\n<p>&#8212;&#8212;&#8212;&#8212;&#8212;&#8212;&#8212;&#8212;&#8212;&#8212;&#8212;&#8212;&#8212;&#8212;&#8212;&#8212;<\/p>\n<p><a href=\"https:\/\/gkmke.sk\/zs\/wp-content\/uploads\/sites\/3\/2023\/12\/Plan-prace-spojenej-skoly-2022-2023.doc\">Pl\u00e1n pr\u00e1ce spojenej \u0161koly 2022-2023<\/a><\/p>\n<p><a href=\"https:\/\/gkmke.sk\/zs\/wp-content\/uploads\/sites\/3\/2023\/12\/Plan-prace-spojenej-skoly-2021-2022.doc\">Pl\u00e1n pr\u00e1ce spojenej \u0161koly 2021-2022<\/a><\/p>\n","protected":false},"excerpt":{"rendered":"<p>Materi\u00e1lno-technick\u00e9 a person\u00e1lne zabezpe\u010denie, ktor\u00e9 sa pripravuje na aktu\u00e1lny \u0161kolsk\u00fd rok. Pl\u00e1n pr\u00e1ce Spojenej \u0161koly je s\u00fa\u010das\u0165ou dokumentu \u0161koly. Obsah dokumentu: \u00davod Term\u00ednovn\u00edk akci\u00ed na \u0161kolsk\u00fd rok Term\u00edny \u0161kolsk\u00fdch pr\u00e1zdnin Person\u00e1lne zabezpe\u010denie, triednictvo, kluby u\u010dite\u013eov (metodick\u00e9 org\u00e1ny) Hlavn\u00e9 \u00falohy vych\u00e1dzaj\u00face &hellip; <\/p>\n","protected":false},"author":1,"featured_media":0,"parent":0,"menu_order":0,"comment_status":"closed","ping_status":"closed","template":"","meta":{"_acf_changed":false,"footnotes":""},"class_list":["post-7162","page","type-page","status-publish","hentry"],"acf":[],"_links":{"self":[{"href":"https:\/\/gkmke.sk\/zs\/wp-json\/wp\/v2\/pages\/7162","targetHints":{"allow":["GET"]}}],"collection":[{"href":"https:\/\/gkmke.sk\/zs\/wp-json\/wp\/v2\/pages"}],"about":[{"href":"https:\/\/gkmke.sk\/zs\/wp-json\/wp\/v2\/types\/page"}],"author":[{"embeddable":true,"href":"https:\/\/gkmke.sk\/zs\/wp-json\/wp\/v2\/users\/1"}],"replies":[{"embeddable":true,"href":"https:\/\/gkmke.sk\/zs\/wp-json\/wp\/v2\/comments?post=7162"}],"version-history":[{"count":0,"href":"https:\/\/gkmke.sk\/zs\/wp-json\/wp\/v2\/pages\/7162\/revisions"}],"wp:attachment":[{"href":"https:\/\/gkmke.sk\/zs\/wp-json\/wp\/v2\/media?parent=7162"}],"curies":[{"name":"wp","href":"https:\/\/api.w.org\/{rel}","templated":true}]}}