{"id":7933,"date":"2024-06-14T11:58:16","date_gmt":"2024-06-14T09:58:16","guid":{"rendered":"https:\/\/gkmke.sk\/zstemp\/?page_id=7933"},"modified":"2025-05-12T05:52:54","modified_gmt":"2025-05-12T03:52:54","slug":"literarne-prvotiny","status":"publish","type":"page","link":"https:\/\/gkmke.sk\/zs\/literarne-prvotiny\/","title":{"rendered":"Liter\u00e1rne prvotiny"},"content":{"rendered":"<p>Mil\u00ed \u017eiaci, rodi\u010dia a priatelia na\u0161ej \u0161koly.<\/p>\n<p>Na tomto mieste n\u00e1jdete v\u00ed\u0165azn\u00e9 liter\u00e1rne pr\u00edspevky, mo\u017eno aj bud\u00facich spisovate\u013eov \u010di novin\u00e1rov.<\/p>\n<p>\u0160kolsk\u00fd rok 2023\/2024<\/p>\n<p><strong>Autorka:<\/strong> Margar\u00e9ta Te\u0161\u013eov\u00e1, 9.B<br \/>\nCena predsedn\u00ed\u010dky odbornej komisie Bc. Adri\u00e1ny Kertisovej v 3. ro\u010dn\u00edku Celoslovenskej s\u00fa\u0165a\u017ee <strong>Prekro\u010d svoj tie\u0148<\/strong><br \/>\nPr\u00f3za:\u00a0<a href=\"https:\/\/gkmke.sk\/zs\/wp-content\/uploads\/sites\/3\/2024\/06\/G.-Teslova-Tajomna-hrdinka-1.pdf\" target=\"_blank\" rel=\"noopener\">Tajomn\u00e1 hrdinka<\/a><br \/>\nZdroj: <a href=\"https:\/\/www.prekrocsvojtien.sk\/tajomna-hrdinka\/\" target=\"_blank\" rel=\"noopener\">www.prekrocsvojtien.sk<\/a><\/p>\n<p><strong>Autorka:<\/strong> Zuzana Hug\u00e1\u0148ov\u00e1, 5.A<br \/>\n3. miesto v s\u00fa\u0165a\u017ei <strong>Liter\u00e1rne Ko\u0161ice<\/strong><br \/>\nT\u00e9ma:\u00a0<a href=\"https:\/\/gkmke.sk\/zs\/wp-content\/uploads\/sites\/3\/2024\/06\/Z.-Huganova-Dobrodruzstva-netopiera-Pierra-1.pdf\" target=\"_blank\" rel=\"noopener\">Dobrodru\u017estv\u00e1 netopiera Pierra<\/a><br \/>\nZdroj: (str. 40)\u00a0<a href=\"https:\/\/www.kosicekmk.sk\/images\/Vydavame\/LK_2024_zbornik.pdf\" target=\"_blank\" rel=\"noopener\">www.kosicekmk.sk<\/a><\/p>\n<p><strong>Autor:<\/strong> Boris Gamr\u00e1t, 5.A<br \/>\n3. miesto v s\u00fa\u0165a\u017ei <strong>Liter\u00e1rne Ko\u0161ice<\/strong><br \/>\nT\u00e9ma:\u00a0<a href=\"https:\/\/gkmke.sk\/zs\/wp-content\/uploads\/sites\/3\/2024\/06\/B.-Gramrat-Preco-v-duhe-nie-je-cierna-1.pdf\" target=\"_blank\" rel=\"noopener\">Pre\u010do v d\u00fahe nie je \u010dierna<\/a><br \/>\nZdroj: (str. 53) \u00a0<a href=\"https:\/\/www.kosicekmk.sk\/images\/Vydavame\/LK_2024_zbornik.pdf\" target=\"_blank\" rel=\"noopener\">www.kosicekmk.sk<\/a><\/p>\n<p><strong>Autorka:<\/strong> Just\u00edna Tak\u00e1\u010dov\u00e1, 9.B<br \/>\n3. miesto v kateg\u00f3rii 5. ro\u010dn\u00edk v celoslovenskej s\u00fa\u0165a\u017ei <strong>Vr\u00e1\u0165me knihy do \u0161k\u00f4l<\/strong><br \/>\nN\u00e1zov diela: <a href=\"https:\/\/gkmke.sk\/zs\/wp-content\/uploads\/sites\/3\/2024\/06\/J.-Takacova-Spomienky-1.pdf\" target=\"_blank\" rel=\"noopener\">Spomienky&#8230;<\/a><\/p>\n<p><strong>Autorka:<\/strong> Miriam Moln\u00e1rov\u00e1, 5.B<br \/>\n3. miesto v kateg\u00f3rii 5. ro\u010dn\u00edk v celoslovenskej s\u00fa\u0165a\u017ei <strong>Vr\u00e1\u0165me knihy do \u0161k\u00f4l<\/strong><br \/>\nN\u00e1zov diela:\u00a0<a href=\"https:\/\/gkmke.sk\/zs\/wp-content\/uploads\/sites\/3\/2024\/06\/M.-Molnarova-V-nudzi-poznas-priatela-1.pdf\" target=\"_blank\" rel=\"noopener\">V n\u00fadzi pozn\u00e1\u0161 priate\u013ea<\/a><\/p>\n<p>&nbsp;<\/p>\n","protected":false},"excerpt":{"rendered":"<p>Mil\u00ed \u017eiaci, rodi\u010dia a priatelia na\u0161ej \u0161koly. Na tomto mieste n\u00e1jdete v\u00ed\u0165azn\u00e9 liter\u00e1rne pr\u00edspevky, mo\u017eno aj bud\u00facich spisovate\u013eov \u010di novin\u00e1rov. \u0160kolsk\u00fd rok 2023\/2024 Autorka: Margar\u00e9ta Te\u0161\u013eov\u00e1, 9.B Cena predsedn\u00ed\u010dky odbornej komisie Bc. Adri\u00e1ny Kertisovej v 3. ro\u010dn\u00edku Celoslovenskej s\u00fa\u0165a\u017ee Prekro\u010d &hellip; <\/p>\n","protected":false},"author":1,"featured_media":7965,"parent":0,"menu_order":0,"comment_status":"closed","ping_status":"closed","template":"","meta":{"_acf_changed":false,"footnotes":""},"class_list":["post-7933","page","type-page","status-publish","has-post-thumbnail","hentry"],"acf":[],"_links":{"self":[{"href":"https:\/\/gkmke.sk\/zs\/wp-json\/wp\/v2\/pages\/7933","targetHints":{"allow":["GET"]}}],"collection":[{"href":"https:\/\/gkmke.sk\/zs\/wp-json\/wp\/v2\/pages"}],"about":[{"href":"https:\/\/gkmke.sk\/zs\/wp-json\/wp\/v2\/types\/page"}],"author":[{"embeddable":true,"href":"https:\/\/gkmke.sk\/zs\/wp-json\/wp\/v2\/users\/1"}],"replies":[{"embeddable":true,"href":"https:\/\/gkmke.sk\/zs\/wp-json\/wp\/v2\/comments?post=7933"}],"version-history":[{"count":0,"href":"https:\/\/gkmke.sk\/zs\/wp-json\/wp\/v2\/pages\/7933\/revisions"}],"wp:featuredmedia":[{"embeddable":true,"href":"https:\/\/gkmke.sk\/zs\/wp-json\/"}],"wp:attachment":[{"href":"https:\/\/gkmke.sk\/zs\/wp-json\/wp\/v2\/media?parent=7933"}],"curies":[{"name":"wp","href":"https:\/\/api.w.org\/{rel}","templated":true}]}}