{"id":8068,"date":"2024-08-23T07:57:05","date_gmt":"2024-08-23T05:57:05","guid":{"rendered":"https:\/\/gkmke.sk\/zstemp\/?page_id=8068"},"modified":"2025-10-24T15:19:32","modified_gmt":"2025-10-24T13:19:32","slug":"digitalni-rodicia","status":"publish","type":"page","link":"https:\/\/gkmke.sk\/zs\/digitalni-rodicia\/","title":{"rendered":"Digit\u00e1lni rodi\u010dia"},"content":{"rendered":"\t\t<div data-elementor-type=\"wp-page\" data-elementor-id=\"8068\" class=\"elementor elementor-8068\">\n\t\t\t\t<div class=\"elementor-element elementor-element-367c8cd6 e-flex e-con-boxed e-con e-parent\" data-id=\"367c8cd6\" data-element_type=\"container\" data-e-type=\"container\">\n\t\t\t\t\t<div class=\"e-con-inner\">\n\t\t\t\t<div class=\"elementor-element elementor-element-63a86d5 elementor-widget elementor-widget-text-editor\" data-id=\"63a86d5\" data-element_type=\"widget\" data-e-type=\"widget\" data-widget_type=\"text-editor.default\">\n\t\t\t\t<div class=\"elementor-widget-container\">\n\t\t\t\t\t\t\t\t\t<p><span style=\"text-decoration: underline;\">Posledn\u00e1 aktualiz\u00e1cia: 24\/10\/2025<\/span><\/p><p><em>Ing. Lucia Palkov\u00e1, \u0161kolsk\u00fd digit\u00e1lny koordin\u00e1tor<\/em><\/p><p>luciapalkovazavin\u00e1\u010dgkmke.sk<\/p><p>Mil\u00ed rodi\u010dia.<\/p><p>Na \u0161kole p\u00f4sob\u00edm ako \u0161kolsk\u00fd digit\u00e1lny koordin\u00e1tor. Mojou \u00falohou je spolupracova\u0165 s veden\u00edm \u0161koly na Digit\u00e1lnej transform\u00e1cii \u0161koly. Denne som v \u0161kole k dispoz\u00edcii u\u010dite\u013eom a \u017eiakom pri rozvoji ich digit\u00e1lnych kompetenci\u00ed, spr\u00edstup\u0148ujem digit\u00e1lne materi\u00e1ly, vediem vzdel\u00e1vania v oblasti digitaliz\u00e1cie, zap\u00e1jam \u017eiakov do testovan\u00ed a projektov, \u00fazko spolupracujem so spr\u00e1vcom IKT na \u0161kole.<\/p><p>Rodi\u010dia s\u00fa t\u00ed, ktor\u00ed maj\u00fa na svoje deti najv\u00e4\u010d\u0161\u00ed vplyv a s\u00fa pre nich vzormi vo v\u00e4\u010d\u0161ine pr\u00edpadov. Pon\u00fakam V\u00e1m preto mo\u017enos\u0165 rozvoja digit\u00e1lnych kompetenci\u00ed vo forme zverej\u0148ovania noviniek z oblasti digitaliz\u00e1cie.<\/p><p>Na \u0161kole p\u00f4sob\u00ed u\u017e piaty rok KyberT\u00edm pod veden\u00edm RNDr. M\u00e1rie Vavrovej. Viac info k tejto t\u00e9me n\u00e1jdete na str\u00e1nke <a href=\"https:\/\/gkmke.sk\/gym\/kyberneticka-bezpecnost\/\">Kybernetick\u00e1 bezpe\u010dnos\u0165 &#8211; Gymn\u00e1zium sv. Ko\u0161ick\u00fdch mu\u010den\u00edkov.\u00a0<\/a>V pr\u00edpade z\u00e1ujmu o \u00fa\u010das\u0165 na stretnutiach zameran\u00fdch na kyberbezpe\u010dnos\u0165, m\u00f4\u017eete p\u00edsa\u0165 na mariavavrovazavin\u00e1\u010dgkmke.sk. Pri v\u00e4\u010d\u0161om po\u010dte z\u00e1ujemcov zorganizujeme stretnutie v priestoroch na\u0161ej \u0161koly.<\/p><p>\u00a0<\/p><p><strong>Digit\u00e1lna bezpe\u010dnos\u0165 (<span style=\"text-decoration: underline;\">novinka!)<\/span><\/strong><\/p><ul><li><a href=\"https:\/\/gkmke.sk\/zs\/wp-content\/uploads\/sites\/3\/2025\/10\/kybersikana.pdf\" target=\"_blank\" rel=\"noopener\">Kybersikana<\/a><\/li><li><a title=\"Rovnica regul\u00e1cie pou\u017e\u00edvania digit\u00e1lnej technol\u00f3gie\" href=\"https:\/\/gkmke.sk\/zs\/wp-content\/uploads\/sites\/3\/2025\/10\/rovnica_regulovania.pdf\" target=\"_blank\" rel=\"noopener\">Rovnica regul\u00e1cie pou\u017e\u00edvania digit\u00e1lnej technol\u00f3gie<\/a><\/li><li><a title=\"5 C-\u00e9\u010dok medi\u00e1lneho rodi\u010dovstva (sprievodca pre rodi\u010dov)\" href=\"https:\/\/gkmke.sk\/zs\/wp-content\/uploads\/sites\/3\/2025\/10\/5Ccok_med_rod.pdf\" target=\"_blank\" rel=\"noopener\">5 C-\u00e9\u010dok medi\u00e1lneho rodi\u010dovstva (sprievodca pre rodi\u010dov)<\/a><\/li><li><a title=\"Rizik\u00e1 soci\u00e1lnych siet\u00ed\" href=\"https:\/\/gkmke.sk\/zs\/wp-content\/uploads\/sites\/3\/2025\/10\/rizika_soc_sieti.pdf\" target=\"_blank\" rel=\"noopener\">Rizik\u00e1 soci\u00e1lnych siet\u00ed<\/a><\/li><li><a title=\"Videohry - stra\u0161iak alebo u\u017eito\u010dn\u00fd n\u00e1stroj?\" href=\"https:\/\/gkmke.sk\/zs\/wp-content\/uploads\/sites\/3\/2025\/10\/videohry.pdf\" target=\"_blank\" rel=\"noopener\">Videohry &#8211; stra\u0161iak alebo u\u017eito\u010dn\u00fd n\u00e1stroj?<\/a><\/li><\/ul><p>\u00a0<\/p><p>A \u010fal\u0161ie zauj\u00edmav\u00e9 linky:\u00a0<\/p><ul><li>Zauj\u00edmav\u00e9 <strong>podcasty<\/strong>, nielen <strong>o digit\u00e1lnej bezpe\u010dnosti<\/strong> si m\u00f4\u017eete vypo\u010du\u0165 na <a href=\"https:\/\/www.digitalnirodicia.sk\/zoznam-epizod\/?fbclid=IwZXh0bgNhZW0CMTEAAR3-ewuj7EfqZjS6RaU1zNiEJgT1ToGE8llqIaG6OqJK7Ut-qyZyzokuXYk_aem_xCJZG8A8WFqQUjN7XRudcg\" target=\"_blank\" rel=\"noopener\">www.digitalnirodicia.sk<\/a>.<\/li><li>Ako zosta\u0165 na internete v bezpe\u010d\u00ed?<strong> Pr\u00edru\u010dka digit\u00e1lnej bezpe\u010dnosti pre v\u0161etky gener\u00e1cie.<\/strong> Bli\u017e\u0161ie inform\u00e1cie <a href=\"https:\/\/bezpecnenanete.eset.com\/sk\/spolocneonline\/?utm_source=facebook&amp;utm_medium=cpc&amp;utm_campaign=_sk_svk_b2c_fb_dis_na_aw_gen_mtd_bnn-seniori_engagement_5001214&amp;utm_term=_sk_40+_autoN_autoP_gen_d-seniori_mtd_2k_engagement_CPM&amp;fbclid=IwY2xjawItj4BleHRuA2FlbQEwAGFkaWQBqxc9ZUJXoQEdjqySSS57bd3nIRkSuL-HHcf2qrDMn0xeq7_Fct-j9PxLY0OIhd9KJ4fd_aem_N83tXpm6o-kVzOC7HK1NJg\" target=\"_blank\" rel=\"noopener\">tu.<\/a> Zdarma si ju m\u00f4\u017eete stiahnu\u0165 <a href=\"https:\/\/bezpecnenanete.eset.com\/sk\/wp-content\/uploads\/2024\/12\/Prirucka-digitalnej-bezpecnosti-pre-vsetky-generacie.pdf\" target=\"_blank\" rel=\"noopener\">tu.<\/a><\/li><li><strong>Animovan\u00fd seri\u00e1l o digit\u00e1lnej bezpe\u010dnosti od firmy ESET<\/strong> &#8211; <a href=\"https:\/\/bezpecnenanete.eset.com\/sk\/bajtovci\/?utm_source=facebook&amp;utm_medium=cpc&amp;utm_campaign=_sk_svk_b2c_fb_dis_na_aw_gen_mtd_bajtovci_traffic_5001214&amp;utm_term=_sk_18+_autoN_autoP_gen_in-security_mtd_5k_traffic_CPC&amp;fbclid=IwY2xjawI9jmFleHRuA2FlbQEwAGFkaWQBqxjBsGjDYQEd4AaVlS777YT_CeLG0frBBiGXqBi6HsIC9uQqsWImXn1L1SCjjDMynhQe_aem_BpENmbKCaXyk9tUZr-vz1g\" target=\"_blank\" rel=\"noopener\">Bajtovci<\/a><\/li><li>Webstr\u00e1nky o bezpe\u010dnosti v online priestore vhodn\u00e9 aj pre rodi\u010dov:\u00a0<a href=\"http:\/\/sk.sheeplive.eu\/\" target=\"_blank\" rel=\"noopener\">ovce.sk<\/a> a <a href=\"https:\/\/preventista.sk\/info\/debatky-o-bezpecnosti\/\" target=\"_blank\" rel=\"noopener\">preventista.sk<\/a><\/li><\/ul><p>\u00a0<\/p><p>\u00a0<\/p><p><strong>AI (Artificial Intelligence)<\/strong><\/p><ul><li>Umel\u00e1 inteligencia. U\u017e sa s \u0148ou stret\u00e1vame v ka\u017edodennom \u017eivote a ani si to neuvedomujeme. Rozumie\u0165 jej n\u00e1m pom\u00f4\u017ee, aby sme ju vyu\u017eili ako pomocn\u00edka v pr\u00e1ci, pri rie\u0161en\u00ed r\u00f4znych \u00faloh v be\u017enom \u017eivote ale aj vyhn\u00fa\u0165 sa dezinform\u00e1ci\u00e1m a podvodom v digit\u00e1lnom svete. Ve\u013emi zrozumite\u013ene a prakticky to pon\u00faka <a href=\"https:\/\/github.com\/Sudip2708\/AI-manual\/blob\/main\/Translations\/SK.md\" target=\"_blank\" rel=\"noopener\">\u00davod do AI pre za\u010diato\u010dn\u00edkov<\/a><\/li><li class=\"x_elementToProof\" data-olk-copy-source=\"MessageBody\">Google sa rozhodol spusti\u0165 nov\u00fd vzdel\u00e1vac\u00ed kurz zvan\u00fd Google Prompting Essentials, v ktorom v\u00e1s nau\u010d\u00ed, ako vy\u0165a\u017ei\u0165 z AI maximum. \u201eTento kurz vybav\u00ed \u013eud\u00ed stimula\u010dn\u00fdmi zru\u010dnos\u0165ami a technikami, ktor\u00e9 potrebuj\u00fa, aby vyu\u017eili silu AI na vykon\u00e1vanie ka\u017edodenn\u00fdch \u00faloh, zv\u00fd\u0161ili svoju kreativitu, u\u0161etrili \u010das a urobili viac.\u201c, uv\u00e1dza Google v popise kurzu. Absolvovanie kurzu by malo trva\u0165 menej ako 10 hod\u00edn. Na jeho konci z\u00edskate certifik\u00e1t, ktor\u00fdm sa m\u00f4\u017eete pochv\u00e1li\u0165 na kari\u00e9rnych port\u00e1loch. Absolvova\u0165 je ho mo\u017en\u00e9 plne bezplatne <u><a id=\"OWA629a52ca-f6b8-2889-1418-33a380639faa\" class=\"x_OWAAutoLink\" title=\"https:\/\/www.coursera.org\/google-learn\/prompting-essentials\" href=\"https:\/\/www.coursera.org\/google-learn\/prompting-essentials\" target=\"_blank\" rel=\"external noopener noreferrer\" data-wpel-link=\"external\" data-auth=\"NotApplicable\" data-linkindex=\"0\">na port\u00e1li Coursera<\/a><\/u> kliknut\u00edm na tla\u010didlo Enroll. Registrova\u0165 sa d\u00e1 cez google \u00fa\u010det. Cel\u00fd popis \u010dl\u00e1nku tu: <a id=\"OWA744c6e8b-728f-58d5-5301-bc7fab8f8870\" class=\"x_OWAAutoLink\" title=\"https:\/\/www.techbox.sk\/ako-spravne-na-ai-aj-tej-treba-vediet-pisat-google-vas-to-nauci\" href=\"https:\/\/www.techbox.sk\/ako-spravne-na-ai-aj-tej-treba-vediet-pisat-google-vas-to-nauci\" target=\"_blank\" rel=\"noopener noreferrer\" data-auth=\"NotApplicable\" data-linkindex=\"1\">https:\/\/www.techbox.sk\/ako-spravne-na-ai-aj-tej-treba-vediet-pisat-google-vas-to-nauci<\/a><\/li><li data-olk-copy-source=\"MessageBody\">Microsoft Copilot, d\u0159\u00edve Bing, je um\u011bl\u00e1 inteligence v podob\u011b ka\u017edodenn\u00edho asistenta. Najde informace, vytvo\u0159\u00ed text \u010di obr\u00e1zek a um\u00ed i programovat. Je integrovan\u00fd i do Wordu, Excelu a dal\u0161\u00edch program\u016f. Porad\u00edme, jak s n\u00edm pracovat. (Lucia Tomkov\u00e1): <a href=\"https:\/\/www.seznamzpravy.cz\/clanek\/tech-microsoft-copilot-navod-263091?fbclid=IwY2xjawGYdTFleHRuA2FlbQIxMQABHcA4qFC7B_bVgoOrqY5pcvt_BkT413Z0nGyHW-KtRiWt-jD46WA9hWdT3g_aem_LC_tNyN9Xf_2YgHHE255yA\" target=\"_blank\" rel=\"noopener\">AI asistent Copilot vytvo\u0159\u00ed prezentaci \u010di naprogramuje web. Uk\u00e1\u017eeme, jak na n\u011bj.<\/a><\/li><li data-olk-copy-source=\"MessageBody\"><strong>Z webu chatveskole.cz :<\/strong>\u00a0<a href=\"https:\/\/chatveskole.cz\/vekove-limity-pravo\/\" target=\"_blank\" rel=\"noopener\">Vyu\u017eit\u00ed chatbot\u016f ve \u0161kol\u00e1ch \u2014 pr\u00e1vn\u00ed pohled<\/a><\/li><li data-olk-copy-source=\"MessageBody\"><strong>Vekov\u00e1 hranica (Pr\u00e1vo a legislat\u00edva AI &#8211; z webu aidetem.cz):<\/strong> <a href=\"https:\/\/aidetem.cz\/portfolio\/pravo-legislativa-umele-inteligence\/\" target=\"_blank\" rel=\"noopener\">Pr\u00e1vo a legislativa um\u011bl\u00e9 inteligence<\/a><\/li><\/ul><p><strong>Aktu\u00e1lne z diania na Slovensku a u susedov &#8211; AI aj pre rodi\u010dov:<\/strong><\/p><ul><li>Na <strong>Slovensku<\/strong> <strong>5.9.2025<\/strong> zverejnil minister \u0161kolstva <a title=\"Pl\u00e1n zodpovedn\u00e9ho vyu\u017e\u00edvania AI vo vzdel\u00e1van\u00ed 2025 - 2027\" href=\"https:\/\/www.minedu.sk\/data\/att\/803\/34353.721f01.pdf\" target=\"_blank\" rel=\"noopener\">Pl\u00e1n zodpovedn\u00e9ho vyu\u017e\u00edvania AI vo vzdel\u00e1van\u00ed 2025 &#8211; 2027<\/a>\u00a0<\/li><li>In\u0161pir\u00e1ciu \u010derpaj\u00fa pr\u00e1ve z \u010desk\u00fdch metod\u00edk a zavies\u0165 ich chc\u00fa od \u0161kolsk\u00e9ho roka 2026\/2027.<\/li><\/ul><ul><li>Eva Ne\u010dasov\u00e1 rozbehla pre p\u00e1r rokmi projekt <a href=\"https:\/\/aidetem.cz\/\" target=\"_blank\" rel=\"noopener\">aidetem.cz<\/a>, ktor\u00fd sa v<strong> \u010cech\u00e1ch<\/strong> stretol s tak\u00fdm \u00faspechom, \u017ee moment\u00e1lne u\u017e je zaveden\u00e9 do praxe prv\u00e9 \u010desk\u00e9 kurikulum umelej inteligencie pre Z\u0160 i S\u0160. Aj ako rodi\u010dia spokojne nahliadnite do metod\u00edk, ktor\u00e9 n\u00e1jdete na <a title=\"https:\/\/go.sparkpostmail2.com\/f\/a\/v0Q1Zyta0lM5Ir_r933LdA~~\/AAA-fBA~\/wZTiIVgDj0CIC3oCziG7SGyJZT7ZP35Su5l5R-FDTAoMzWATi2Wkh-pzulkQxyXIinX9LB5AQiuiZNd7HdGfAn1y6p1kuDvBrsb0SPXEjiv_FE_fQgFjLncBChJGw_qW07Hg2SrVaglqysooZUPC5h-v_yjXr8iSwMsrwvLK4W4lyeegaPBiUfSxmvdQZ9kOBr5fG5uQv6IEsWZb6OZ6FPbC6xwdiZOtV8_JITcKRHlBgtfiDgYm7k3W0uimoerQ\" href=\"https:\/\/go.sparkpostmail2.com\/f\/a\/v0Q1Zyta0lM5Ir_r933LdA~~\/AAA-fBA~\/wZTiIVgDj0CIC3oCziG7SGyJZT7ZP35Su5l5R-FDTAoMzWATi2Wkh-pzulkQxyXIinX9LB5AQiuiZNd7HdGfAn1y6p1kuDvBrsb0SPXEjiv_FE_fQgFjLncBChJGw_qW07Hg2SrVaglqysooZUPC5h-v_yjXr8iSwMsrwvLK4W4lyeegaPBiUfSxmvdQZ9kOBr5fG5uQv6IEsWZb6OZ6FPbC6xwdiZOtV8_JITcKRHlBgtfiDgYm7k3W0uimoerQ\" target=\"_blank\" rel=\"noopener noreferrer\" data-auth=\"NotApplicable\" data-linkindex=\"2\">kurikulum.aidetem.cz.<\/a><\/li><\/ul><ul><li><strong>21.6.2025<\/strong>. Posledn\u00fd diel z cyklu deb\u00e1t \u010desk\u00e9ho port\u00e1lu AI horizonty s n\u00e1zvom AI d\u011btem by si mal pozrie\u0165 ka\u017ed\u00fd pedag\u00f3g ale i rodi\u010d. &#8222;Ako mlad\u00ed \u013eudia vn\u00edmaj\u00fa umel\u00fa inteligenciu? Ak\u00fd k nej maj\u00fa vz\u0165ah? Na \u010do ju pou\u017e\u00edvaj\u00fa v \u0161kole alebo v osobnom \u017eivote? A\u00a0 \u010do by sm mali my dospel\u00ed robi\u0165 lep\u0161ie, aby \u0161kolu vn\u00edmali \u017eiaci a \u0161tudenti ako miesto, kde sa c\u00edtia dobre a robia zmyslupln\u00e9 veci. A ako je to s ich &#8222;vz\u0165ahmi k chatbotom&#8220;. <a href=\"https:\/\/www.youtube.com\/watch?app=desktop&amp;v=BtTTwpHfHe0\" target=\"_blank\" rel=\"noopener\">AI a d\u011bti \u2014 cyklus debat AI horizonty &#8211; YouTube<\/a><\/li><li>Rozhovor: <strong>Tradi\u010dn\u00ed \u0161kolstv\u00ed nest\u00edh\u00e1 tempo dne\u0161n\u00edho sv\u011bta a AI u\u017e d\u00e1vno nen\u00ed sci-fi. <\/strong>\u00a0Jak AI odhaluje talenty a podporuje individu\u00e1ln\u00ed r\u016fst \u017e\u00e1k\u016f? Pro\u010d je digit\u00e1ln\u00ed gramotnost kl\u00ed\u010dov\u00e1 nejen pro budouc\u00ed zam\u011bstn\u00e1n\u00ed? Nez\u00e1le\u017e\u00ed, jestli jste u\u010ditel, rodi\u010d nebo zv\u00eddav\u00fd pozorovatel. Poslechn\u011bte si cel\u00fd rozhovor a zjist\u011bte, jak p\u0159ipravit d\u011bti na sv\u011bt, kter\u00fd u\u017e klepe na dve\u0159e!<\/li><\/ul><p><a href=\"https:\/\/www.youtube.com\/watch?v=lMQwB-rbt1Q\" target=\"_blank\" rel=\"noopener\">AI ve T\u0159\u00edd\u011b: Revoluce \u0160kolstv\u00ed pro 21. Stolet\u00ed (Eva Ne\u010dasov\u00e1)<\/a><\/p><p>\u00a0<\/p><p><strong>\u010eal\u0161ie zauj\u00edmav\u00e9 linky (aj) pre rodi\u010dov:<\/strong><\/p><ul><li>Mno\u017estvo digit\u00e1lneho materi\u00e1lu pre 1. a 2.stupe\u0148 Z\u0160 na podporu vzdel\u00e1vania n\u00e1jdete aj na webstr\u00e1nke u\u010dite\u013ea Mgr. Jozefa Zvolensk\u00e9ho, ktor\u00fd je u\u017e vy\u0161e 30 rokov u\u010dite\u013eom a tie\u017e nad\u0161encom digit\u00e1lnych foriem vzdel\u00e1vania: <a href=\"https:\/\/ucimsadoma.weblahko.sk\/\" target=\"_blank\" rel=\"noopener\">https:\/\/ucimsadoma.weblahko.sk\/<\/a><\/li><\/ul>\t\t\t\t\t\t\t\t<\/div>\n\t\t\t\t<\/div>\n\t\t\t\t\t<\/div>\n\t\t\t\t<\/div>\n\t\t\t\t<\/div>\n\t\t","protected":false},"excerpt":{"rendered":"<p>Posledn\u00e1 aktualiz\u00e1cia: 24\/10\/2025 Ing. Lucia Palkov\u00e1, \u0161kolsk\u00fd digit\u00e1lny koordin\u00e1tor luciapalkovazavin\u00e1\u010dgkmke.sk Mil\u00ed rodi\u010dia. Na \u0161kole p\u00f4sob\u00edm ako \u0161kolsk\u00fd digit\u00e1lny koordin\u00e1tor. Mojou \u00falohou je spolupracova\u0165 s veden\u00edm \u0161koly na Digit\u00e1lnej transform\u00e1cii \u0161koly. Denne som v \u0161kole k dispoz\u00edcii u\u010dite\u013eom a \u017eiakom pri &hellip; <\/p>\n","protected":false},"author":1,"featured_media":8073,"parent":0,"menu_order":0,"comment_status":"closed","ping_status":"closed","template":"","meta":{"_acf_changed":false,"footnotes":""},"class_list":["post-8068","page","type-page","status-publish","has-post-thumbnail","hentry"],"acf":[],"_links":{"self":[{"href":"https:\/\/gkmke.sk\/zs\/wp-json\/wp\/v2\/pages\/8068","targetHints":{"allow":["GET"]}}],"collection":[{"href":"https:\/\/gkmke.sk\/zs\/wp-json\/wp\/v2\/pages"}],"about":[{"href":"https:\/\/gkmke.sk\/zs\/wp-json\/wp\/v2\/types\/page"}],"author":[{"embeddable":true,"href":"https:\/\/gkmke.sk\/zs\/wp-json\/wp\/v2\/users\/1"}],"replies":[{"embeddable":true,"href":"https:\/\/gkmke.sk\/zs\/wp-json\/wp\/v2\/comments?post=8068"}],"version-history":[{"count":1,"href":"https:\/\/gkmke.sk\/zs\/wp-json\/wp\/v2\/pages\/8068\/revisions"}],"predecessor-version":[{"id":19027,"href":"https:\/\/gkmke.sk\/zs\/wp-json\/wp\/v2\/pages\/8068\/revisions\/19027"}],"wp:featuredmedia":[{"embeddable":true,"href":"https:\/\/gkmke.sk\/zs\/wp-json\/"}],"wp:attachment":[{"href":"https:\/\/gkmke.sk\/zs\/wp-json\/wp\/v2\/media?parent=8068"}],"curies":[{"name":"wp","href":"https:\/\/api.w.org\/{rel}","templated":true}]}}