{"id":8178,"date":"2024-09-24T11:03:32","date_gmt":"2024-09-24T09:03:32","guid":{"rendered":"https:\/\/gkmke.sk\/zstemp\/?page_id=8178"},"modified":"2025-05-12T06:02:11","modified_gmt":"2025-05-12T04:02:11","slug":"ditedu","status":"publish","type":"page","link":"https:\/\/gkmke.sk\/zs\/ditedu\/","title":{"rendered":"DiTEdu"},"content":{"rendered":"<p><img fetchpriority=\"high\" decoding=\"async\" class=\"alignnone size-full wp-image-8162\" src=\"https:\/\/gkmke.sk\/zs\/wp-content\/uploads\/sites\/3\/2024\/09\/partner.jpg\" alt=\"\" width=\"2048\" height=\"1448\" srcset=\"https:\/\/gkmke.sk\/zs\/wp-content\/uploads\/sites\/3\/2024\/09\/partner.jpg 2048w, https:\/\/gkmke.sk\/zs\/wp-content\/uploads\/sites\/3\/2024\/09\/partner-600x424.jpg 600w\" sizes=\"(max-width: 2048px) 100vw, 2048px\" \/><\/p>\n<p>Na\u0161a \u0161kola sa zapojila do projektu <strong>DiTEdu<\/strong> a podp\u00edsan\u00edm <strong>Memoranda o partnerskej spolupr\u00e1ci<\/strong> sa stala <strong>NCDTV partner<\/strong>.<\/p>\n<p>Preh\u013ead v\u0161etk\u00fdch zapojen\u00fdch \u0161k\u00f4l: <a href=\"https:\/\/www.ncdtv.sk\/skola\/skoly-ncdtv-partner\/\" target=\"_blank\" rel=\"noopener\">https:\/\/www.ncdtv.sk\/skola\/skoly-ncdtv-partner\/<\/a><\/p>\n<p>Viac inform\u00e1ci\u00ed o projekte: <a href=\"https:\/\/www.ncdtv.sk\/\" target=\"_blank\" rel=\"noopener\">https:\/\/www.ncdtv.sk\/<\/a><\/p>\n","protected":false},"excerpt":{"rendered":"<p>Na\u0161a \u0161kola sa zapojila do projektu DiTEdu a podp\u00edsan\u00edm Memoranda o partnerskej spolupr\u00e1ci sa stala NCDTV partner. Preh\u013ead v\u0161etk\u00fdch zapojen\u00fdch \u0161k\u00f4l: https:\/\/www.ncdtv.sk\/skola\/skoly-ncdtv-partner\/ Viac inform\u00e1ci\u00ed o projekte: https:\/\/www.ncdtv.sk\/<\/p>\n","protected":false},"author":1,"featured_media":0,"parent":0,"menu_order":0,"comment_status":"closed","ping_status":"closed","template":"","meta":{"_acf_changed":false,"footnotes":""},"class_list":["post-8178","page","type-page","status-publish","hentry"],"acf":[],"_links":{"self":[{"href":"https:\/\/gkmke.sk\/zs\/wp-json\/wp\/v2\/pages\/8178","targetHints":{"allow":["GET"]}}],"collection":[{"href":"https:\/\/gkmke.sk\/zs\/wp-json\/wp\/v2\/pages"}],"about":[{"href":"https:\/\/gkmke.sk\/zs\/wp-json\/wp\/v2\/types\/page"}],"author":[{"embeddable":true,"href":"https:\/\/gkmke.sk\/zs\/wp-json\/wp\/v2\/users\/1"}],"replies":[{"embeddable":true,"href":"https:\/\/gkmke.sk\/zs\/wp-json\/wp\/v2\/comments?post=8178"}],"version-history":[{"count":0,"href":"https:\/\/gkmke.sk\/zs\/wp-json\/wp\/v2\/pages\/8178\/revisions"}],"wp:attachment":[{"href":"https:\/\/gkmke.sk\/zs\/wp-json\/wp\/v2\/media?parent=8178"}],"curies":[{"name":"wp","href":"https:\/\/api.w.org\/{rel}","templated":true}]}}