{"id":857,"date":"2018-09-27T14:59:07","date_gmt":"2018-09-27T12:59:07","guid":{"rendered":"https:\/\/gkmke.sk\/zstemp\/?page_id=857"},"modified":"2025-09-03T21:43:24","modified_gmt":"2025-09-03T19:43:24","slug":"dokumenty-skd","status":"publish","type":"page","link":"https:\/\/gkmke.sk\/zs\/dokumenty-skd\/","title":{"rendered":"Dokumenty \u0160KD"},"content":{"rendered":"\n<p><\/p>\n\n\n\n<p><\/p>\n\n\n<p>V\u00fdchovn\u00fd program \u0160KD 2023-2027 &#8211; <a href=\"https:\/\/gkmke.sk\/zs\/wp-content\/uploads\/sites\/3\/2024\/09\/VychovnyProgramSKD2023-2027.pdf\">TU<\/a><\/p>\n<p>Vn\u00fatorn\u00fd poriadok \u0160KD 2025\/2026 &#8211; <a href=\"https:\/\/gkmke.sk\/zs\/wp-content\/uploads\/sites\/3\/2025\/09\/Vnutorny-poriadok-SKD-25-26.pdf\" target=\"_blank\" rel=\"noopener\">TU<\/a><\/p>\n<p>R\u00e1mcov\u00fd pl\u00e1n TOV 2025\/2026 &#8211; <a href=\"https:\/\/gkmke.sk\/zs\/wp-content\/uploads\/sites\/3\/2025\/09\/ramcovy-plan-TOV-25-26.pdf\" target=\"_blank\" rel=\"noopener\">TU<\/a><\/p>\n<p>\u017diados\u0165 o prijatie do \u0160KD &#8211; <a href=\"https:\/\/gkmke.sk\/zs\/wp-content\/uploads\/sites\/3\/2025\/05\/prihlasenie-do-SKD.pdf\" target=\"_blank\" rel=\"noopener\">TU<\/a><\/p>\n<p>\u017diados\u0165 o odhl\u00e1senie z \u0160KD &#8211; <a href=\"https:\/\/gkmke.sk\/zs\/wp-content\/uploads\/sites\/3\/2025\/05\/odhlasenie-SKD.pdf\" target=\"_blank\" rel=\"noopener\">TU<\/a><\/p>\n\n\n<p><\/p>\n","protected":false},"excerpt":{"rendered":"<p>V\u00fdchovn\u00fd program \u0160KD 2023-2027 &#8211; TU Vn\u00fatorn\u00fd poriadok \u0160KD 2025\/2026 &#8211; TU R\u00e1mcov\u00fd pl\u00e1n TOV 2025\/2026 &#8211; TU \u017diados\u0165 o prijatie do \u0160KD &#8211; TU \u017diados\u0165 o odhl\u00e1senie z \u0160KD &#8211; TU<\/p>\n","protected":false},"author":12,"featured_media":0,"parent":0,"menu_order":0,"comment_status":"closed","ping_status":"closed","template":"","meta":{"_acf_changed":false,"footnotes":""},"class_list":["post-857","page","type-page","status-publish","hentry"],"acf":[],"_links":{"self":[{"href":"https:\/\/gkmke.sk\/zs\/wp-json\/wp\/v2\/pages\/857","targetHints":{"allow":["GET"]}}],"collection":[{"href":"https:\/\/gkmke.sk\/zs\/wp-json\/wp\/v2\/pages"}],"about":[{"href":"https:\/\/gkmke.sk\/zs\/wp-json\/wp\/v2\/types\/page"}],"author":[{"embeddable":true,"href":"https:\/\/gkmke.sk\/zs\/wp-json\/wp\/v2\/users\/12"}],"replies":[{"embeddable":true,"href":"https:\/\/gkmke.sk\/zs\/wp-json\/wp\/v2\/comments?post=857"}],"version-history":[{"count":2,"href":"https:\/\/gkmke.sk\/zs\/wp-json\/wp\/v2\/pages\/857\/revisions"}],"predecessor-version":[{"id":18626,"href":"https:\/\/gkmke.sk\/zs\/wp-json\/wp\/v2\/pages\/857\/revisions\/18626"}],"wp:attachment":[{"href":"https:\/\/gkmke.sk\/zs\/wp-json\/wp\/v2\/media?parent=857"}],"curies":[{"name":"wp","href":"https:\/\/api.w.org\/{rel}","templated":true}]}}