{"id":16558,"date":"2025-07-31T18:16:23","date_gmt":"2025-07-31T16:16:23","guid":{"rendered":"https:\/\/gkmke.sk\/zus\/?page_id=16558"},"modified":"2026-03-26T12:42:48","modified_gmt":"2026-03-26T11:42:48","slug":"prijimacky","status":"publish","type":"page","link":"https:\/\/gkmke.sk\/zus\/prijimacky\/","title":{"rendered":"Prij\u00edma\u010dky"},"content":{"rendered":"\n<p><a href=\"https:\/\/gkmke.sk\/zus\/kriteria-na-prijatie\/\" target=\"_blank\" rel=\"noreferrer noopener\">Krit\u00e9ri\u00e1 na prijatie<\/a><\/p>\n\n\n\n<p><a href=\"https:\/\/zuskm.edupage.org\/register\/\" target=\"_blank\" rel=\"noreferrer noopener\">Elektronick\u00e1 prihl\u00e1\u0161ka<\/a><\/p>\n\n\n\n<p><\/p>\n","protected":false},"excerpt":{"rendered":"<p>Krit\u00e9ri\u00e1 na prijatie Elektronick\u00e1 prihl\u00e1\u0161ka<\/p>\n","protected":false},"author":2,"featured_media":0,"parent":0,"menu_order":0,"comment_status":"closed","ping_status":"closed","template":"","meta":{"_acf_changed":false,"footnotes":""},"class_list":["post-16558","page","type-page","status-publish","hentry"],"acf":[],"_links":{"self":[{"href":"https:\/\/gkmke.sk\/zus\/wp-json\/wp\/v2\/pages\/16558","targetHints":{"allow":["GET"]}}],"collection":[{"href":"https:\/\/gkmke.sk\/zus\/wp-json\/wp\/v2\/pages"}],"about":[{"href":"https:\/\/gkmke.sk\/zus\/wp-json\/wp\/v2\/types\/page"}],"author":[{"embeddable":true,"href":"https:\/\/gkmke.sk\/zus\/wp-json\/wp\/v2\/users\/2"}],"replies":[{"embeddable":true,"href":"https:\/\/gkmke.sk\/zus\/wp-json\/wp\/v2\/comments?post=16558"}],"version-history":[{"count":1,"href":"https:\/\/gkmke.sk\/zus\/wp-json\/wp\/v2\/pages\/16558\/revisions"}],"predecessor-version":[{"id":17138,"href":"https:\/\/gkmke.sk\/zus\/wp-json\/wp\/v2\/pages\/16558\/revisions\/17138"}],"wp:attachment":[{"href":"https:\/\/gkmke.sk\/zus\/wp-json\/wp\/v2\/media?parent=16558"}],"curies":[{"name":"wp","href":"https:\/\/api.w.org\/{rel}","templated":true}]}}