{"id":16566,"date":"2025-07-31T18:30:39","date_gmt":"2025-07-31T16:30:39","guid":{"rendered":"https:\/\/gkmke.sk\/zus\/?page_id=16566"},"modified":"2025-07-31T19:10:29","modified_gmt":"2025-07-31T17:10:29","slug":"hudobny-odbor","status":"publish","type":"page","link":"https:\/\/gkmke.sk\/zus\/hudobny-odbor\/","title":{"rendered":"Hudobn\u00fd odbor"},"content":{"rendered":"\n<p>Hra na klav\u00edri<br>Hra na cimbale<br>Hra na organe<br>Hra na gitare, elektrickej gitare, basovej gitare<br>Hra na husliach<br>Hra na zobcov\u00fdch flaut\u00e1ch a prie\u010dnej flaute<br>Hra na tr\u00fabke, hra na tromb\u00f3ne<br>Hra na bic\u00edch n\u00e1strojoch<br>Spev<\/p>\n\n\n\n<ul id=\"Domov_BoxV_2-b6589fc6ab0dc82cf12099d1c2d40ab994e8410c\" class=\"wp-block-list\"><\/ul>\n","protected":false},"excerpt":{"rendered":"<p>Hra na klav\u00edriHra na cimbaleHra na organeHra na gitare, elektrickej gitare, basovej gitareHra na husliachHra na zobcov\u00fdch flaut\u00e1ch a prie\u010dnej flauteHra na tr\u00fabke, hra na tromb\u00f3neHra na bic\u00edch n\u00e1strojochSpev<\/p>\n","protected":false},"author":2,"featured_media":0,"parent":0,"menu_order":0,"comment_status":"closed","ping_status":"closed","template":"","meta":{"_acf_changed":false,"footnotes":""},"class_list":["post-16566","page","type-page","status-publish","hentry"],"acf":[],"_links":{"self":[{"href":"https:\/\/gkmke.sk\/zus\/wp-json\/wp\/v2\/pages\/16566","targetHints":{"allow":["GET"]}}],"collection":[{"href":"https:\/\/gkmke.sk\/zus\/wp-json\/wp\/v2\/pages"}],"about":[{"href":"https:\/\/gkmke.sk\/zus\/wp-json\/wp\/v2\/types\/page"}],"author":[{"embeddable":true,"href":"https:\/\/gkmke.sk\/zus\/wp-json\/wp\/v2\/users\/2"}],"replies":[{"embeddable":true,"href":"https:\/\/gkmke.sk\/zus\/wp-json\/wp\/v2\/comments?post=16566"}],"version-history":[{"count":1,"href":"https:\/\/gkmke.sk\/zus\/wp-json\/wp\/v2\/pages\/16566\/revisions"}],"predecessor-version":[{"id":16596,"href":"https:\/\/gkmke.sk\/zus\/wp-json\/wp\/v2\/pages\/16566\/revisions\/16596"}],"wp:attachment":[{"href":"https:\/\/gkmke.sk\/zus\/wp-json\/wp\/v2\/media?parent=16566"}],"curies":[{"name":"wp","href":"https:\/\/api.w.org\/{rel}","templated":true}]}}