{"id":263,"date":"2018-12-03T18:35:18","date_gmt":"2018-12-03T17:35:18","guid":{"rendered":"https:\/\/gkmke.sk\/zustemp\/?page_id=263"},"modified":"2025-07-31T18:14:17","modified_gmt":"2025-07-31T16:14:17","slug":"plan-prace","status":"publish","type":"page","link":"https:\/\/gkmke.sk\/zus\/skola\/plan-prace\/","title":{"rendered":"Pl\u00e1n pr\u00e1ce \u0161koly"},"content":{"rendered":"<p><a href=\"https:\/\/gkmke.sk\/zustemp\/wp-content\/uploads\/2018\/12\/U\u010debn\u00e9-pl\u00e1ny-a-osnovy.docx\">U\u010debn\u00e9 pl\u00e1ny a osnovy<\/a><\/p>\n","protected":false},"excerpt":{"rendered":"<p>U\u010debn\u00e9 pl\u00e1ny a osnovy<\/p>\n","protected":false},"author":1,"featured_media":15951,"parent":12,"menu_order":0,"comment_status":"closed","ping_status":"closed","template":"","meta":{"_acf_changed":false,"footnotes":""},"class_list":["post-263","page","type-page","status-publish","has-post-thumbnail","hentry"],"acf":[],"_links":{"self":[{"href":"https:\/\/gkmke.sk\/zus\/wp-json\/wp\/v2\/pages\/263","targetHints":{"allow":["GET"]}}],"collection":[{"href":"https:\/\/gkmke.sk\/zus\/wp-json\/wp\/v2\/pages"}],"about":[{"href":"https:\/\/gkmke.sk\/zus\/wp-json\/wp\/v2\/types\/page"}],"author":[{"embeddable":true,"href":"https:\/\/gkmke.sk\/zus\/wp-json\/wp\/v2\/users\/1"}],"replies":[{"embeddable":true,"href":"https:\/\/gkmke.sk\/zus\/wp-json\/wp\/v2\/comments?post=263"}],"version-history":[{"count":1,"href":"https:\/\/gkmke.sk\/zus\/wp-json\/wp\/v2\/pages\/263\/revisions"}],"predecessor-version":[{"id":16557,"href":"https:\/\/gkmke.sk\/zus\/wp-json\/wp\/v2\/pages\/263\/revisions\/16557"}],"up":[{"embeddable":true,"href":"https:\/\/gkmke.sk\/zus\/wp-json\/wp\/v2\/pages\/12"}],"wp:featuredmedia":[{"embeddable":true,"href":"https:\/\/gkmke.sk\/zus\/wp-json\/wp\/v2\/media\/15951"}],"wp:attachment":[{"href":"https:\/\/gkmke.sk\/zus\/wp-json\/wp\/v2\/media?parent=263"}],"curies":[{"name":"wp","href":"https:\/\/api.w.org\/{rel}","templated":true}]}}