{"id":52,"date":"2018-04-23T23:01:09","date_gmt":"2018-04-23T21:01:09","guid":{"rendered":"https:\/\/gkmke.sk\/zustemp\/?page_id=52"},"modified":"2025-07-31T18:12:58","modified_gmt":"2025-07-31T16:12:58","slug":"historia","status":"publish","type":"page","link":"https:\/\/gkmke.sk\/zus\/skola\/historia\/","title":{"rendered":"Hist\u00f3ria"},"content":{"rendered":"<p>Nov\u00e1 webov\u00e1 str\u00e1nka ZU\u0160 je moment\u00e1lne v procese zmeny. Jednotliv\u00e9 sekcie bud\u00fa prid\u00e1van\u00e9 postupne, preto pros\u00edme o trpezlivos\u0165. \u010eakujeme.<\/p>\n<p>P\u00f4vodn\u00fa webov\u00fa str\u00e1nku Z\u0160\u00a0 n\u00e1jdete na tejto adrese:\u00a0<a href=\"http:\/\/zus.stare.gkmke.sk\/\">zus.stare.gkmke.sk<\/a><\/p>\n<p>V\u00edzie z\u00e1kladnej umeleckej \u0161koly<\/p>\n<h3><strong>V\u00edzia<\/strong><\/h3>\n<ul>\n<li>Koncept vzdel\u00e1vania od 3 do 19 rokov vr\u00e1tane umeleck\u00e9ho vzdel\u00e1vania s mo\u017enos\u0165ou flexibiln\u00e9ho prist\u00fapenia kedyko\u013evek<\/li>\n<li>Jedin\u00e1 cirkevn\u00e1 umeleck\u00e1 \u0161kola\u2013 \u0161pecializ\u00e1cia na v\u00fdu\u010dbu cirkevn\u00e9ho umenia: hra na org\u00e1ne, kompoz\u00edcia, cirkevn\u00e9 zbory a s\u00fabory, vedenie cirkevn\u00fdch zborov, vok\u00e1l, prednes hovoren\u00e9ho slova<\/li>\n<li>Podpora siln\u00fdch t\u00e9m:\n<ul>\n<li>Viera \u2013 veda \u2013 vzdelanie \u2013 kult\u00fara &#8211; l\u00ednie, ktor\u00e9 si neodporuj\u00fa, ale kauz\u00e1lne s\u00favisia<\/li>\n<li>Zdravej s\u00fa\u0165a\u017eivosti<\/li>\n<li>S\u00fa\u0165a\u017ee od \u0161kolskej \u00farovne a\u017e po medzin\u00e1rodn\u00fa \u00farove\u0148<\/li>\n<\/ul>\n<\/li>\n<li>Posilnenie teraj\u0161\u00edch odborov \u2013 hudobn\u00fd a\u00a0v\u00fdtvarn\u00fd<\/li>\n<li>Prepojen\u00e1 spolupr\u00e1ca s jednotliv\u00fdmi zlo\u017ekami \u0161koly a\u017e do \u00farovne konceptu umeleckej \u010dinnosti a\u00a0vzdel\u00e1vania vo v\u0161etk\u00fdch zlo\u017ek\u00e1ch<\/li>\n<li>Na z\u00e1klade tohto konceptu perspekt\u00edvny vznik hudobno-dramatick\u00e9ho odboru a\u00a0tane\u010dn\u00e9ho odboru<\/li>\n<li>Spolupr\u00e1ca formou koncertov pre \u017eiakov, cez spolo\u010dn\u00e9 projekty, umeleck\u00e9 v\u00edkendy, umeleck\u00e9 t\u00e1bory a\u017e po divadeln\u00e9 predstavenia a\u00a0vznik celo\u0161kolsk\u00e9ho spev\u00e1ckeho zboru, vznik komorn\u00fdch celo\u0161kolsk\u00fdch zoskupen\u00ed, kapiel, s\u00faborov a\u00a0pod.<\/li>\n<li>Pomoc a pr\u00edprava pre gymnazistov\/ GKM na pedagogick\u00e9 povolania<\/li>\n<li>Posilnenie poz\u00edcie elokovan\u00e9ho pracoviska v Kr\u00e1snej nad Horn\u00e1dom, rozbehnutie spolupr\u00e1ce s \u010fal\u0161\u00edmi mestsk\u00fdmi \u010das\u0165ami<\/li>\n<li>Rozpracovanie pravidelnej spolupr\u00e1ce s\u00a0profesion\u00e1lnymi in\u0161tit\u00faciami \u2013 rozhlas, telev\u00edzia, divadlo, orchestre, zbory, gal\u00e9rie, designersk\u00e9 \u0161t\u00fadia, in\u00e9 umeleck\u00e9 \u0161koly at\u010f.<\/li>\n<li>Pravideln\u00e9 stretnutia \u2013 tzv. talkshow ka\u017ed\u00fd mesiac s\u00a0v\u00fdrazn\u00fdmi osobnos\u0165ami umeleck\u00e9ho \u017eivota v\u0161etk\u00fdch \u017e\u00e1nrov<\/li>\n<li>Podpora a\u00a0zintenz\u00edvnenie spolupr\u00e1ce s\u00a0rodi\u010dmi \u2013 komunitn\u00e1 pr\u00e1ca<\/li>\n<li>Pravideln\u00e9 a\u00a0pl\u00e1novan\u00e9 zve\u013ea\u010fovanie a\u00a0zabezpe\u010denie vzdel\u00e1vaco-technick\u00fdch pom\u00f4cok<\/li>\n<li>Progres \u00farovne \u0161koly, rozvoj a\u00a0podpora komorn\u00fdch zoskupen\u00ed \u0161koly a\u00a0ich reprezent\u00e1cia na verejnosti<\/li>\n<\/ul>\n<p><strong>Technick\u00e9 zabezpe\u010denie v\u00fduky:<\/strong><\/p>\n<ul>\n<li>\u00daprava tried (ma\u013eba \u2013 z hygienick\u00fdch d\u00f4vodov, vytriedenie a roz\u010dlenenie priestoru v spolo\u010dn\u00fdch priestoroch\/triedach, doplnenie n\u00e1bytku)<\/li>\n<li>Zabezpe\u010denie pou\u017e\u00edvania ozvu\u010denia<\/li>\n<li>Rekon\u0161trukcia koncertnej s\u00e1ly \u2013 ma\u013eba, p\u00f3dium, koberec, vertik\u00e1lne \u017eal\u00fazie, osvetlenie (sveteln\u00e1 rampa, bodov\u00e9 svetl\u00e1), s\u00e1lov\u00e9 stoli\u010dky a projektor s vys\u00favac\u00edm pl\u00e1tnom<\/li>\n<li>Vytvorenie men\u0161ej koncertnej miestnosti na \u00fa\u010dely triednych koncertov z\u00a0d\u00f4vodu \u010dasovej vy\u0165a\u017eenosti koncertnej s\u00e1ly<\/li>\n<li>Osvetlenie v\u00a0triedach<\/li>\n<li>N\u00e1strojov\u00fd apar\u00e1t ZU\u0160 \u2013 postupn\u00e9 dop\u013a\u0148anie hudobn\u00fdch n\u00e1strojov<\/li>\n<li>\u00daprava soci\u00e1lnych zariaden\u00ed<\/li>\n<\/ul>\n","protected":false},"excerpt":{"rendered":"<p>Nov\u00e1 webov\u00e1 str\u00e1nka ZU\u0160 je moment\u00e1lne v procese zmeny. Jednotliv\u00e9 sekcie bud\u00fa prid\u00e1van\u00e9 postupne, preto pros\u00edme o trpezlivos\u0165. \u010eakujeme. P\u00f4vodn\u00fa webov\u00fa str\u00e1nku Z\u0160\u00a0 n\u00e1jdete na tejto adrese:\u00a0zus.stare.gkmke.sk V\u00edzie z\u00e1kladnej umeleckej \u0161koly V\u00edzia Koncept vzdel\u00e1vania od 3 do 19 rokov vr\u00e1tane &hellip; <\/p>\n","protected":false},"author":2,"featured_media":0,"parent":12,"menu_order":0,"comment_status":"closed","ping_status":"closed","template":"","meta":{"_acf_changed":false,"footnotes":""},"class_list":["post-52","page","type-page","status-publish","hentry"],"acf":[],"_links":{"self":[{"href":"https:\/\/gkmke.sk\/zus\/wp-json\/wp\/v2\/pages\/52","targetHints":{"allow":["GET"]}}],"collection":[{"href":"https:\/\/gkmke.sk\/zus\/wp-json\/wp\/v2\/pages"}],"about":[{"href":"https:\/\/gkmke.sk\/zus\/wp-json\/wp\/v2\/types\/page"}],"author":[{"embeddable":true,"href":"https:\/\/gkmke.sk\/zus\/wp-json\/wp\/v2\/users\/2"}],"replies":[{"embeddable":true,"href":"https:\/\/gkmke.sk\/zus\/wp-json\/wp\/v2\/comments?post=52"}],"version-history":[{"count":1,"href":"https:\/\/gkmke.sk\/zus\/wp-json\/wp\/v2\/pages\/52\/revisions"}],"predecessor-version":[{"id":16554,"href":"https:\/\/gkmke.sk\/zus\/wp-json\/wp\/v2\/pages\/52\/revisions\/16554"}],"up":[{"embeddable":true,"href":"https:\/\/gkmke.sk\/zus\/wp-json\/wp\/v2\/pages\/12"}],"wp:attachment":[{"href":"https:\/\/gkmke.sk\/zus\/wp-json\/wp\/v2\/media?parent=52"}],"curies":[{"name":"wp","href":"https:\/\/api.w.org\/{rel}","templated":true}]}}