{"id":884,"date":"2023-04-10T17:37:28","date_gmt":"2023-04-10T15:37:28","guid":{"rendered":"https:\/\/gkmke.sk\/zustemp\/?page_id=884"},"modified":"2026-04-07T14:08:21","modified_gmt":"2026-04-07T12:08:21","slug":"elektronicka-prihlaska","status":"publish","type":"page","link":"https:\/\/gkmke.sk\/zus\/fmkt\/elektronicka-prihlaska\/","title":{"rendered":"Prihl\u00e1\u0161ka"},"content":{"rendered":"\t\t<div data-elementor-type=\"wp-page\" data-elementor-id=\"884\" class=\"elementor elementor-884\">\n\t\t\t\t<div class=\"elementor-element elementor-element-221bd480 e-flex e-con-boxed e-con e-parent\" data-id=\"221bd480\" data-element_type=\"container\" data-e-type=\"container\">\n\t\t\t\t\t<div class=\"e-con-inner\">\n\t\t\t\t<div class=\"elementor-element elementor-element-20836026 elementor-widget elementor-widget-text-editor\" data-id=\"20836026\" data-element_type=\"widget\" data-e-type=\"widget\" data-widget_type=\"text-editor.default\">\n\t\t\t\t<div class=\"elementor-widget-container\">\n\t\t\t\t\t\t\t\t\t<p>Prihl\u00e1\u0161ku je potrebn\u00e9 spr\u00e1vne vyplni\u0165 elektronicky alebo oskenovan\u00fa (Word verzia) zasla\u0165 na emailov\u00fa adresu festivalu:<strong> festival.mkt.kosice@gmail.com<\/strong><\/p><p>S\u00fa\u010das\u0165ou prihl\u00e1\u0161ky je aj s\u00fahlas dotknutej osoby so sprac\u00favan\u00edm osobn\u00fdch \u00fadajov.<\/p><p><strong>Elektronick\u00e1 verzia: <\/strong>Prihl\u00e1\u0161ka na 4. ro\u010dn\u00edk Festivalu mal\u00fdch komorn\u00fdch telies:\u00a0<a title=\"registr\u00e1cia tu\" href=\"https:\/\/docs.google.com\/forms\/d\/e\/1FAIpQLSehQJzvR-aynWSqCUZQWoXTNHck3_z4UZI6Fig3UXweA2sizg\/viewform?usp=header\" target=\"_blank\" rel=\"noopener\">Prihl\u00e1\u0161ka_FMKT2026<\/a><\/p><p><strong>Form\u00e1t vo Worde:<\/strong> Prihl\u00e1\u0161ka na 4.ro\u010dn\u00edk Festivalu mal\u00fdch komorn\u00fdch telies: <a href=\"https:\/\/gkmke.sk\/zus\/wp-content\/uploads\/sites\/5\/2026\/04\/PRIHLASKA-FMKTKe_2026.docx\">PRIHLASKA FMKTKe_2026<\/a><\/p><p>(prihl\u00e1\u0161ku je potrebn\u00e9 stiahnu\u0165, vyplni\u0165 a skenom zasla\u0165 na adresu festival.mkt.kosice@gmail.com)<\/p><p>\u00a0<\/p><p>\u00a0<\/p><p>\u00a0<\/p><p><strong>Elektronick\u00e1 verzia: <\/strong>Prihl\u00e1\u0161ka na 3. ro\u010dn\u00edk Festivalu mal\u00fdch komorn\u00fdch telies: <a href=\"https:\/\/docs.google.com\/forms\/d\/e\/1FAIpQLSehQJzvR-aynWSqCUZQWoXTNHck3_z4UZI6Fig3UXweA2sizg\/viewform\" target=\"_blank\" rel=\"noopener\">Prihl\u00e1\u0161ka<\/a><\/p><p>alebo:<\/p><p><strong>Form\u00e1t vo Worde:<\/strong> Prihl\u00e1\u0161ka na 3.ro\u010dn\u00edk Festivalu mal\u00fdch komorn\u00fdch telies: <a href=\"https:\/\/gkmke.sk\/zus\/wp-content\/uploads\/sites\/5\/2025\/03\/PRIHLASKA-FMKTKe-3.docx\" target=\"_blank\" rel=\"noopener\">PRIHL\u00c1\u0160KA FMKT<\/a><\/p><p>(prihl\u00e1\u0161ku je potrebn\u00e9 stiahnu\u0165, vyplni\u0165 a skenom zasla\u0165 na adresu festival.mkt.kosice@gmail.com)<\/p>\t\t\t\t\t\t\t\t<\/div>\n\t\t\t\t<\/div>\n\t\t\t\t\t<\/div>\n\t\t\t\t<\/div>\n\t\t\t\t<\/div>\n\t\t","protected":false},"excerpt":{"rendered":"<p>Prihl\u00e1\u0161ku je potrebn\u00e9 spr\u00e1vne vyplni\u0165 elektronicky alebo oskenovan\u00fa (Word verzia) zasla\u0165 na emailov\u00fa adresu festivalu: festival.mkt.kosice@gmail.com S\u00fa\u010das\u0165ou prihl\u00e1\u0161ky je aj s\u00fahlas dotknutej osoby so sprac\u00favan\u00edm osobn\u00fdch \u00fadajov. Elektronick\u00e1 verzia: Prihl\u00e1\u0161ka na 4. ro\u010dn\u00edk Festivalu mal\u00fdch komorn\u00fdch telies:\u00a0Prihl\u00e1\u0161ka_FMKT2026 Form\u00e1t vo Worde: &hellip; <\/p>\n","protected":false},"author":1,"featured_media":0,"parent":865,"menu_order":0,"comment_status":"closed","ping_status":"closed","template":"","meta":{"_acf_changed":false,"footnotes":""},"class_list":["post-884","page","type-page","status-publish","hentry"],"acf":[],"_links":{"self":[{"href":"https:\/\/gkmke.sk\/zus\/wp-json\/wp\/v2\/pages\/884","targetHints":{"allow":["GET"]}}],"collection":[{"href":"https:\/\/gkmke.sk\/zus\/wp-json\/wp\/v2\/pages"}],"about":[{"href":"https:\/\/gkmke.sk\/zus\/wp-json\/wp\/v2\/types\/page"}],"author":[{"embeddable":true,"href":"https:\/\/gkmke.sk\/zus\/wp-json\/wp\/v2\/users\/1"}],"replies":[{"embeddable":true,"href":"https:\/\/gkmke.sk\/zus\/wp-json\/wp\/v2\/comments?post=884"}],"version-history":[{"count":1,"href":"https:\/\/gkmke.sk\/zus\/wp-json\/wp\/v2\/pages\/884\/revisions"}],"predecessor-version":[{"id":17169,"href":"https:\/\/gkmke.sk\/zus\/wp-json\/wp\/v2\/pages\/884\/revisions\/17169"}],"up":[{"embeddable":true,"href":"https:\/\/gkmke.sk\/zus\/wp-json\/wp\/v2\/pages\/865"}],"wp:attachment":[{"href":"https:\/\/gkmke.sk\/zus\/wp-json\/wp\/v2\/media?parent=884"}],"curies":[{"name":"wp","href":"https:\/\/api.w.org\/{rel}","templated":true}]}}