{"id":893,"date":"2023-04-25T13:05:10","date_gmt":"2023-04-25T11:05:10","guid":{"rendered":"https:\/\/gkmke.sk\/zustemp\/?page_id=893"},"modified":"2026-04-01T11:33:37","modified_gmt":"2026-04-01T09:33:37","slug":"propozicie-fmkt","status":"publish","type":"page","link":"https:\/\/gkmke.sk\/zus\/fmkt\/propozicie-fmkt\/","title":{"rendered":"Propoz\u00edcie FMKT"},"content":{"rendered":"\t\t<div data-elementor-type=\"wp-page\" data-elementor-id=\"893\" class=\"elementor elementor-893\">\n\t\t\t\t<div class=\"elementor-element elementor-element-7b863fcd e-flex e-con-boxed e-con e-parent\" data-id=\"7b863fcd\" data-element_type=\"container\" data-e-type=\"container\">\n\t\t\t\t\t<div class=\"e-con-inner\">\n\t\t\t\t<div class=\"elementor-element elementor-element-3683bc60 elementor-widget elementor-widget-text-editor\" data-id=\"3683bc60\" data-element_type=\"widget\" data-e-type=\"widget\" data-widget_type=\"text-editor.default\">\n\t\t\t\t<div class=\"elementor-widget-container\">\n\t\t\t\t\t\t\t\t\t<p>Propoz\u00edcie aktu\u00e1lne pripravovan\u00e9ho FMKT n\u00e1jdete na tomto odkaze: <a href=\"https:\/\/gkmke.sk\/zus\/wp-content\/uploads\/sites\/5\/2026\/04\/Propozicie-FMKT-2026.pdf\">Propozicie FMKT 2026<\/a><\/p><p>Propoz\u00edcie FMKT z minul\u00e9ho \u0161kolsk\u00e9ho roka n\u00e1jdete na tomto odkaze: <a href=\"https:\/\/gkmke.sk\/zus\/wp-content\/uploads\/sites\/5\/2025\/03\/propozicie-2025-upr.pdf\">Propoz\u00edcie 2025<\/a><\/p>\t\t\t\t\t\t\t\t<\/div>\n\t\t\t\t<\/div>\n\t\t\t\t\t<\/div>\n\t\t\t\t<\/div>\n\t\t\t\t<\/div>\n\t\t","protected":false},"excerpt":{"rendered":"<p>Propoz\u00edcie aktu\u00e1lne pripravovan\u00e9ho FMKT n\u00e1jdete na tomto odkaze: Propozicie FMKT 2026 Propoz\u00edcie FMKT z minul\u00e9ho \u0161kolsk\u00e9ho roka n\u00e1jdete na tomto odkaze: Propoz\u00edcie 2025<\/p>\n","protected":false},"author":1,"featured_media":0,"parent":865,"menu_order":0,"comment_status":"closed","ping_status":"closed","template":"","meta":{"_acf_changed":false,"footnotes":""},"class_list":["post-893","page","type-page","status-publish","hentry"],"acf":[],"_links":{"self":[{"href":"https:\/\/gkmke.sk\/zus\/wp-json\/wp\/v2\/pages\/893","targetHints":{"allow":["GET"]}}],"collection":[{"href":"https:\/\/gkmke.sk\/zus\/wp-json\/wp\/v2\/pages"}],"about":[{"href":"https:\/\/gkmke.sk\/zus\/wp-json\/wp\/v2\/types\/page"}],"author":[{"embeddable":true,"href":"https:\/\/gkmke.sk\/zus\/wp-json\/wp\/v2\/users\/1"}],"replies":[{"embeddable":true,"href":"https:\/\/gkmke.sk\/zus\/wp-json\/wp\/v2\/comments?post=893"}],"version-history":[{"count":1,"href":"https:\/\/gkmke.sk\/zus\/wp-json\/wp\/v2\/pages\/893\/revisions"}],"predecessor-version":[{"id":17148,"href":"https:\/\/gkmke.sk\/zus\/wp-json\/wp\/v2\/pages\/893\/revisions\/17148"}],"up":[{"embeddable":true,"href":"https:\/\/gkmke.sk\/zus\/wp-json\/wp\/v2\/pages\/865"}],"wp:attachment":[{"href":"https:\/\/gkmke.sk\/zus\/wp-json\/wp\/v2\/media?parent=893"}],"curies":[{"name":"wp","href":"https:\/\/api.w.org\/{rel}","templated":true}]}}